{"id":93,"date":"2019-10-22T09:24:11","date_gmt":"2019-10-22T08:24:11","guid":{"rendered":"https:\/\/aemaerasmusmais.wordpress.com\/?page_id=93"},"modified":"2024-10-16T09:12:19","modified_gmt":"2024-10-16T08:12:19","slug":"documentos-2","status":"publish","type":"page","link":"https:\/\/www.escolasdesoure.pt\/web\/erasmus\/documentos-2\/","title":{"rendered":"Documentos"},"content":{"rendered":"\n<figure class=\"wp-block-table jstable is-style-stripes\"><table><tbody><tr><td><a href=\"https:\/\/drive.google.com\/file\/d\/1mpYpWD121rzKRIAcwOAAB5cQ-RrROEKl\/view?usp=drive_link\" target=\"_blank\" rel=\"noreferrer noopener\"><img decoding=\"async\" width=\"32\" height=\"32\" src=\"http:\/\/www.escolasdesoure.pt\/web\/wp-content\/uploads\/2016\/03\/pdf.png\" alt=\"pdf\"\/><\/a><\/td><td>Regulamento de mobilidades do programa Erasmus+<\/td><\/tr><\/tbody><\/table><\/figure>\n\n\n\n<p><strong>Projeto Erasmus+ &#8211; setor escolar KA122 &#8211;&nbsp; &#8220;AEMAS &#8211; uma janela aberta para o&nbsp; conhecimento&#8221;<\/strong><\/p>\n\n\n\n<figure class=\"wp-block-table jstable is-style-stripes\"><table><tbody><tr><td><a href=\"https:\/\/drive.google.com\/file\/d\/1-skveM5n0F53DibcTru5WIlvKYhVDhFE\/view?usp=drive_link\" target=\"_blank\" rel=\"noreferrer noopener\"><img decoding=\"async\" width=\"32\" height=\"32\" src=\"http:\/\/www.escolasdesoure.pt\/web\/wp-content\/uploads\/2016\/03\/pdf.png\" alt=\"pdf\"\/><\/a><\/td><td>Crit\u00e9rios de sele\u00e7\u00e3o de docentes para mobilidades<\/td><\/tr><tr><td><a href=\"https:\/\/drive.google.com\/file\/d\/1zqYkBvaUIx7qI-lvunHaqL-AKFcFdiSZ\/view?usp=drive_link\" target=\"_blank\" rel=\"noreferrer noopener\"><img decoding=\"async\" width=\"32\" height=\"32\" src=\"http:\/\/www.escolasdesoure.pt\/web\/wp-content\/uploads\/2016\/03\/pdf.png\" alt=\"pdf\"\/><\/a><\/td><td>Crit\u00e9rios de sele\u00e7\u00e3o de estudantes para mobilidades<\/td><\/tr><\/tbody><\/table><\/figure>\n\n\n\n<p><strong>Projeto &#8220;O Ensino Profissional de Soure na Europa\u201d (EFP)<\/strong><br \/><\/p>\n\n\n\n<figure class=\"wp-block-table jstable is-style-stripes\"><table><tbody><tr><td><a href=\"https:\/\/drive.google.com\/file\/d\/1HviX6NRUEPMWvYErZI39pzyXvOhlkobp\/view?usp=drive_link\" target=\"_blank\" rel=\"noreferrer noopener\"><img decoding=\"async\" width=\"32\" height=\"32\" src=\"http:\/\/www.escolasdesoure.pt\/web\/wp-content\/uploads\/2016\/03\/pdf.png\" alt=\"pdf\"\/><\/a><\/td><td>Crit\u00e9rios de sele\u00e7\u00e3o EFP formandos<\/td><\/tr><tr><td><a href=\"https:\/\/drive.google.com\/file\/d\/1LjOlf0DFPw2BsbpcMAtU5VsXu7OmWMyG\/view?usp=drive_link\" target=\"_blank\" rel=\"noreferrer noopener\"><img decoding=\"async\" width=\"32\" height=\"32\" src=\"http:\/\/www.escolasdesoure.pt\/web\/wp-content\/uploads\/2016\/03\/pdf.png\" alt=\"pdf\"\/><\/a><\/td><td>Crit\u00e9rios de sele\u00e7\u00e3o EFP graduados<\/td><\/tr><tr><td><a href=\"https:\/\/drive.google.com\/file\/d\/1lg0q6hs-07jLU-X4aNK6NduKgmPXT6bg\/view?usp=drive_link\" target=\"_blank\" rel=\"noreferrer noopener\"><img decoding=\"async\" width=\"32\" height=\"32\" src=\"http:\/\/www.escolasdesoure.pt\/web\/wp-content\/uploads\/2016\/03\/pdf.png\" alt=\"pdf\"\/><\/a><\/td><td>Crit\u00e9rios de sele\u00e7\u00e3o EFP formadores<\/td><\/tr><\/tbody><\/table><\/figure>\n\n\n\n<p><\/p>\n","protected":false},"excerpt":{"rendered":"<p>Regulamento de mobilidades do programa Erasmus+ Projeto Erasmus+ &#8211; setor escolar KA122 &#8211;&nbsp; &#8220;AEMAS &#8211; uma janela aberta para o&nbsp; conhecimento&#8221; Crit\u00e9rios de sele\u00e7\u00e3o de<a href=\"https:\/\/www.escolasdesoure.pt\/web\/erasmus\/documentos-2\/\" class=\"more-link\"><span class=\"screen-reader-text\"> &#8220;Documentos&#8221;<\/span><\/a><\/p>\n","protected":false},"author":1,"featured_media":0,"parent":14566,"menu_order":0,"comment_status":"closed","ping_status":"closed","template":"","meta":{"footnotes":""},"class_list":["post-93","page","type-page","status-publish","hentry"],"_links":{"self":[{"href":"https:\/\/www.escolasdesoure.pt\/web\/wp-json\/wp\/v2\/pages\/93","targetHints":{"allow":["GET"]}}],"collection":[{"href":"https:\/\/www.escolasdesoure.pt\/web\/wp-json\/wp\/v2\/pages"}],"about":[{"href":"https:\/\/www.escolasdesoure.pt\/web\/wp-json\/wp\/v2\/types\/page"}],"author":[{"embeddable":true,"href":"https:\/\/www.escolasdesoure.pt\/web\/wp-json\/wp\/v2\/users\/1"}],"replies":[{"embeddable":true,"href":"https:\/\/www.escolasdesoure.pt\/web\/wp-json\/wp\/v2\/comments?post=93"}],"version-history":[{"count":7,"href":"https:\/\/www.escolasdesoure.pt\/web\/wp-json\/wp\/v2\/pages\/93\/revisions"}],"predecessor-version":[{"id":19706,"href":"https:\/\/www.escolasdesoure.pt\/web\/wp-json\/wp\/v2\/pages\/93\/revisions\/19706"}],"up":[{"embeddable":true,"href":"https:\/\/www.escolasdesoure.pt\/web\/wp-json\/wp\/v2\/pages\/14566"}],"wp:attachment":[{"href":"https:\/\/www.escolasdesoure.pt\/web\/wp-json\/wp\/v2\/media?parent=93"}],"curies":[{"name":"wp","href":"https:\/\/api.w.org\/{rel}","templated":true}]}}