{"id":8,"date":"2009-10-14T14:13:31","date_gmt":"2009-10-14T13:13:31","guid":{"rendered":"http:\/\/escolasdesoure.pt\/web\/?page_id=8"},"modified":"2026-04-15T07:42:48","modified_gmt":"2026-04-15T06:42:48","slug":"esma","status":"publish","type":"page","link":"https:\/\/www.escolasdesoure.pt\/web\/agrupamento\/escolas\/esma\/","title":{"rendered":"EBS Martinho \u00c1rias"},"content":{"rendered":"\n<figure class=\"wp-block-table\"><table class=\"has-fixed-layout\"><tbody><tr><td><figure><a href=\"http:\/\/www.escolasdesoure.pt\/web\/wp-content\/uploads\/2009\/10\/esma.jpg\"><img decoding=\"async\" class=\"alignnone  wp-image-8516\" src=\"http:\/\/www.escolasdesoure.pt\/web\/wp-content\/uploads\/2009\/10\/esma.jpg\" alt=\"esma\" width=\"400\" height=\"373\" srcset=\"https:\/\/www.escolasdesoure.pt\/web\/wp-content\/uploads\/2009\/10\/esma.jpg 507w, https:\/\/www.escolasdesoure.pt\/web\/wp-content\/uploads\/2009\/10\/esma-300x279.jpg 300w\" sizes=\"(max-width: 400px) 100vw, 400px\" \/><\/a><\/figure><\/td><td><br \/><p><strong>Escola B\u00e1sica e Secund\u00e1ria Martinho \u00c1rias<\/strong><\/p><p><strong>C\u00f3digo:<\/strong> 400350<br \/><strong>Morada:<\/strong> Escola B\u00e1sica e Secund\u00e1ria Martinho \u00c1rias<br \/>Quinta das Nogueiras<br \/>3130-211 Soure<br \/><strong>Telefone:<\/strong> 239 506 010<br \/><strong>Fax:<\/strong> 239 506 019<br \/><strong>Email:<\/strong> esma@escolasdesoure.pt<\/p><br \/><\/td><\/tr><\/tbody><\/table><\/figure>\n","protected":false},"excerpt":{"rendered":"<p>Escola B\u00e1sica e Secund\u00e1ria Martinho \u00c1rias C\u00f3digo: 400350Morada: Escola B\u00e1sica e Secund\u00e1ria Martinho \u00c1riasQuinta das Nogueiras3130-211 SoureTelefone: 239 506 010Fax: 239 506 019Email: esma@escolasdesoure.pt<\/p>\n","protected":false},"author":1,"featured_media":0,"parent":3,"menu_order":4,"comment_status":"closed","ping_status":"open","template":"","meta":{"footnotes":""},"class_list":["post-8","page","type-page","status-publish","hentry"],"_links":{"self":[{"href":"https:\/\/www.escolasdesoure.pt\/web\/wp-json\/wp\/v2\/pages\/8","targetHints":{"allow":["GET"]}}],"collection":[{"href":"https:\/\/www.escolasdesoure.pt\/web\/wp-json\/wp\/v2\/pages"}],"about":[{"href":"https:\/\/www.escolasdesoure.pt\/web\/wp-json\/wp\/v2\/types\/page"}],"author":[{"embeddable":true,"href":"https:\/\/www.escolasdesoure.pt\/web\/wp-json\/wp\/v2\/users\/1"}],"replies":[{"embeddable":true,"href":"https:\/\/www.escolasdesoure.pt\/web\/wp-json\/wp\/v2\/comments?post=8"}],"version-history":[{"count":21,"href":"https:\/\/www.escolasdesoure.pt\/web\/wp-json\/wp\/v2\/pages\/8\/revisions"}],"predecessor-version":[{"id":22170,"href":"https:\/\/www.escolasdesoure.pt\/web\/wp-json\/wp\/v2\/pages\/8\/revisions\/22170"}],"up":[{"embeddable":true,"href":"https:\/\/www.escolasdesoure.pt\/web\/wp-json\/wp\/v2\/pages\/3"}],"wp:attachment":[{"href":"https:\/\/www.escolasdesoure.pt\/web\/wp-json\/wp\/v2\/media?parent=8"}],"curies":[{"name":"wp","href":"https:\/\/api.w.org\/{rel}","templated":true}]}}