{"id":78,"date":"2009-10-15T08:49:33","date_gmt":"2009-10-15T07:49:33","guid":{"rendered":"http:\/\/escolasdesoure.pt\/web\/?page_id=78"},"modified":"2019-06-06T11:42:32","modified_gmt":"2019-06-06T10:42:32","slug":"proj","status":"publish","type":"page","link":"https:\/\/www.escolasdesoure.pt\/web\/proj\/","title":{"rendered":"Projetos"},"content":{"rendered":"<p>&nbsp;<\/p>\n<table border=\"0\" cellspacing=\"0\" cellpadding=\"7\">\n<colgroup span=\"1\">\n<col span=\"1\" \/>\n<col span=\"1\" \/>\n<col span=\"1\" \/> <\/colgroup>\n<tbody>\n<tr bgcolor=\"#e6e6e6\">\n<td><strong>Projeto<\/strong><\/td>\n<td><strong>Escolas \/ Parcerias<\/strong><\/td>\n<td style=\"text-align: center;\"><strong>doc<\/strong><\/td>\n<\/tr>\n<tr>\n<td><a href=\"https:\/\/docs.google.com\/leaf?id=0B7TjUeDfYurVNzA5ZjMzNTEtZGVlYy00YmJmLWJiOTMtNDgyYmY2ODBkMTZj&amp;hl=pt_PT\" target=\"_blank\" rel=\"noopener noreferrer\">Jornal Escolar &#8220;Escolinhas&#8221;<\/a><\/td>\n<td>\n<ul>\n<li>EB1 de Alfarelos<\/li>\n<li>EB1 de Alfarelos<\/li>\n<li>EB1 de Casal do Redinho<\/li>\n<li>JI de Alfarelos<\/li>\n<\/ul>\n<\/td>\n<td style=\"text-align: center;\"><a href=\"https:\/\/docs.google.com\/viewer?a=v&amp;pid=explorer&amp;chrome=true&amp;srcid=0B8uHoijqUNxIN2U2OGMyMDItM2I0Mi00NWY3LTg1OTktYjU1ODg5MzdmMTBm&amp;hl=pt_PT\" target=\"_blank\" rel=\"noopener noreferrer\"><img decoding=\"async\" class=\"size-full wp-image-2087\" title=\"pdflg\" src=\"http:\/\/www.escolasdesoure.pt\/web\/wp-content\/uploads\/2009\/10\/pdflg.gif\" alt=\"\" width=\"18\" height=\"18\" \/><\/a><\/td>\n<\/tr>\n<tr>\n<td>Encontro de Gera\u00e7\u00f5es \/ Partilha de Saberes<\/td>\n<td>\n<ul>\n<li>Agrupamento de Escolas de Soure<\/li>\n<li>Centro Social de Alfarelos \/ Lar \u201c Casa do Serrado\u201d<\/li>\n<li>Escola B\u00e1sica do 1o Ciclo de Alfarelos<\/li>\n<li>Jardim de Inf\u00e3ncia de Alfarelos<\/li>\n<\/ul>\n<\/td>\n<td style=\"text-align: center;\"><a href=\"https:\/\/docs.google.com\/a\/escolasdesoure.pt\/leaf?id=0B8uHoijqUNxIOTMxZmI5OTMtMzYyYS00NzFlLWFiZjQtNDMzZjI0YjU1ZDA4&amp;sort=name&amp;layout=list&amp;num=50\" target=\"_blank\" rel=\"noopener noreferrer\"><img decoding=\"async\" title=\"pdflg\" src=\"http:\/\/www.escolasdesoure.pt\/web\/wp-content\/uploads\/2009\/10\/pdflg.gif\" alt=\"\" width=\"18\" height=\"18\" \/><\/a><\/td>\n<\/tr>\n<tr>\n<td>Xadrez<\/td>\n<td>\n<ul>\n<li>Instituto Pedro Hispano<\/li>\n<li>Agrupamento de Escolas de Soure<\/li>\n<li>C\u00e2mara Municipal de Soure<\/li>\n<li>Federa\u00e7\u00e3o Portuguesa de Xadrez<\/li>\n<li>EB 1 de Alfarelos<\/li>\n<li>EB 1 do Casal do Cimeiro<\/li>\n<li>EB 1 do Casal do Redinho<\/li>\n<li>EB 1 de Figueir\u00f3 do Campo<\/li>\n<li>EB 1 de Granja do Ulmeiro<\/li>\n<\/ul>\n<\/td>\n<td style=\"text-align: center;\"><a href=\"https:\/\/docs.google.com\/viewer?a=v&amp;pid=explorer&amp;chrome=true&amp;srcid=0B8uHoijqUNxIOTFlZGZiYWMtY2EwNi00ZGY0LTkyY2ItMDRhMWYwZThkOGZl&amp;hl=pt_PT\" target=\"_blank\" rel=\"noopener noreferrer\"><img decoding=\"async\" title=\"pdflg\" src=\"http:\/\/www.escolasdesoure.pt\/web\/wp-content\/uploads\/2009\/10\/pdflg.gif\" alt=\"\" width=\"18\" height=\"18\" \/><\/a><\/td>\n<\/tr>\n<tr>\n<td><a href=\"http:\/\/mesadeeconomia.blogspot.com\/\" target=\"_blank\" rel=\"noopener noreferrer\">O Rota_ Terraclube<\/a><\/td>\n<td>\n<ul>\n<li>C\u00e2mara Municipal de Soure<\/li>\n<li>Associa\u00e7\u00e3o Empresarial de Soure<\/li>\n<li>Associa\u00e7\u00e3o do Patrim\u00f3nio Cultural e Natural de Soure<\/li>\n<li>Rede de Bibliotecas Escolares<\/li>\n<li>Biblioteca Municipal<\/li>\n<\/ul>\n<\/td>\n<td><a href=\"https:\/\/docs.google.com\/a\/escolasdesoure.pt\/leaf?id=0B8uHoijqUNxIMjIxMGQxMzUtYjdmMi00YjkyLTk5N2YtNjMxZmY0MmQyMDFm&amp;sort=name&amp;layout=list&amp;num=50\" target=\"_blank\" rel=\"noopener noreferrer\"><img decoding=\"async\" title=\"pdflg\" src=\"http:\/\/www.escolasdesoure.pt\/web\/wp-content\/uploads\/2009\/10\/pdflg.gif\" alt=\"\" width=\"18\" height=\"18\" \/><\/a><\/td>\n<\/tr>\n<tr>\n<td>\u00c0 Descoberta da Serra Calc\u00e1ria<\/td>\n<td>\n<ul>\n<li>EB 1 de Sobral<\/li>\n<\/ul>\n<\/td>\n<td><a href=\"https:\/\/docs.google.com\/viewer?a=v&amp;pid=explorer&amp;chrome=true&amp;srcid=0B8uHoijqUNxIZDZmZTlmZmMtZmNmNC00NjI2LWIwMTEtNmFiNTRjNjM3Zjc2&amp;hl=pt_PT\" target=\"_blank\" rel=\"noopener noreferrer\"><img decoding=\"async\" title=\"pdflg\" src=\"http:\/\/www.escolasdesoure.pt\/web\/wp-content\/uploads\/2009\/10\/pdflg.gif\" alt=\"\" width=\"18\" height=\"18\" \/><\/a><\/td>\n<\/tr>\n<tr>\n<td>A Leitura e a Oralidade<\/td>\n<td>\n<ul>\n<li>EB 1 de Sobral<\/li>\n<\/ul>\n<\/td>\n<td><a href=\"https:\/\/docs.google.com\/viewer?a=v&amp;pid=explorer&amp;chrome=true&amp;srcid=0B8uHoijqUNxIMmE0NzM2YmEtZWFlNC00YjgyLWJlNmUtYjRmZmFjYzg2YmRl&amp;hl=pt_PT\" target=\"_blank\" rel=\"noopener noreferrer\"><img decoding=\"async\" title=\"pdflg\" src=\"http:\/\/www.escolasdesoure.pt\/web\/wp-content\/uploads\/2009\/10\/pdflg.gif\" alt=\"\" width=\"18\" height=\"18\" \/><\/a><\/td>\n<\/tr>\n<tr>\n<td>Biblioteca para todos<\/td>\n<td>\n<ul>\n<li>Pais dos alunos do 1\u00ba CEB do Centro Escolar das Degracias\/Encarregados de Educa\u00e7\u00e3o<\/li>\n<li>Familiares<\/li>\n<\/ul>\n<\/td>\n<td><a href=\"https:\/\/docs.google.com\/a\/escolasdesoure.pt\/viewer?a=v&amp;pid=explorer&amp;chrome=true&amp;srcid=0B8uHoijqUNxIMDhhN2E0Y2ItNWJhMS00YWMxLWI1YjgtZDIxMDk4ZmJlZmZh&amp;hl=pt_PT\" target=\"_blank\" rel=\"noopener noreferrer\"><img decoding=\"async\" title=\"pdflg\" src=\"http:\/\/www.escolasdesoure.pt\/web\/wp-content\/uploads\/2009\/10\/pdflg.gif\" alt=\"\" width=\"18\" height=\"18\" \/><\/a><\/td>\n<\/tr>\n<\/tbody>\n<\/table>\n","protected":false},"excerpt":{"rendered":"<p>&nbsp; Projeto Escolas \/ Parcerias doc Jornal Escolar &#8220;Escolinhas&#8221; EB1 de Alfarelos EB1 de Alfarelos EB1 de Casal do Redinho JI de Alfarelos Encontro de<a href=\"https:\/\/www.escolasdesoure.pt\/web\/proj\/\" class=\"more-link\"><span class=\"screen-reader-text\"> &#8220;Projetos&#8221;<\/span><\/a><\/p>\n","protected":false},"author":1,"featured_media":0,"parent":0,"menu_order":2,"comment_status":"closed","ping_status":"closed","template":"","meta":{"footnotes":""},"class_list":["post-78","page","type-page","status-publish","hentry"],"_links":{"self":[{"href":"https:\/\/www.escolasdesoure.pt\/web\/wp-json\/wp\/v2\/pages\/78","targetHints":{"allow":["GET"]}}],"collection":[{"href":"https:\/\/www.escolasdesoure.pt\/web\/wp-json\/wp\/v2\/pages"}],"about":[{"href":"https:\/\/www.escolasdesoure.pt\/web\/wp-json\/wp\/v2\/types\/page"}],"author":[{"embeddable":true,"href":"https:\/\/www.escolasdesoure.pt\/web\/wp-json\/wp\/v2\/users\/1"}],"replies":[{"embeddable":true,"href":"https:\/\/www.escolasdesoure.pt\/web\/wp-json\/wp\/v2\/comments?post=78"}],"version-history":[{"count":28,"href":"https:\/\/www.escolasdesoure.pt\/web\/wp-json\/wp\/v2\/pages\/78\/revisions"}],"predecessor-version":[{"id":12618,"href":"https:\/\/www.escolasdesoure.pt\/web\/wp-json\/wp\/v2\/pages\/78\/revisions\/12618"}],"wp:attachment":[{"href":"https:\/\/www.escolasdesoure.pt\/web\/wp-json\/wp\/v2\/media?parent=78"}],"curies":[{"name":"wp","href":"https:\/\/api.w.org\/{rel}","templated":true}]}}