{"id":73,"date":"2011-09-19T22:44:30","date_gmt":"2011-09-19T21:44:30","guid":{"rendered":"http:\/\/escolasdesoure.pt\/web\/?page_id=73"},"modified":"2024-09-26T14:26:11","modified_gmt":"2024-09-26T13:26:11","slug":"horarios-dos-servicos","status":"publish","type":"page","link":"https:\/\/www.escolasdesoure.pt\/web\/agrupamento\/horarios-dos-servicos\/","title":{"rendered":"Hor\u00e1rios dos Servi\u00e7os"},"content":{"rendered":"\n<figure class=\"wp-block-table\"><table class=\"has-fixed-layout\"><tbody><tr><td colspan=\"5\"><strong>ESCOLA&nbsp;B\u00c1SICA 1,2 DE SOURE<\/strong><\/td><\/tr><tr><td rowspan=\"2\"><strong>Servi\u00e7o<\/strong><\/td><td class=\"has-text-align-center\" data-align=\"center\" colspan=\"2\"><strong>Manh\u00e3<\/strong><\/td><td class=\"has-text-align-center\" data-align=\"center\" colspan=\"2\"><strong>Tarde<\/strong><\/td><\/tr><tr><td><strong>Abertura<\/strong><\/td><td class=\"has-text-align-center\" data-align=\"center\"><strong>Fecho<\/strong><\/td><td class=\"has-text-align-center\" data-align=\"center\"><strong>Abertura<\/strong><\/td><td class=\"has-text-align-center\" data-align=\"center\"><strong>Fecho<\/strong><\/td><\/tr><tr><td>Bar alunos<\/td><td class=\"has-text-align-center\" data-align=\"center\">7:45<\/td><td class=\"has-text-align-center\" data-align=\"center\" colspan=\"2\">-&gt;<\/td><td class=\"has-text-align-center\" data-align=\"center\">16:15<\/td><\/tr><tr><td>Biblioteca<\/td><td class=\"has-text-align-center\" data-align=\"center\">8:30<\/td><td class=\"has-text-align-center\" data-align=\"center\" colspan=\"2\">-&gt;<\/td><td class=\"has-text-align-center\" data-align=\"center\">17:30<\/td><\/tr><tr><td>Papelaria \/ Reprografia<\/td><td class=\"has-text-align-center\" data-align=\"center\">8:00<\/td><td class=\"has-text-align-center\" data-align=\"center\" colspan=\"2\">-&gt;<\/td><td class=\"has-text-align-center\" data-align=\"center\">16:00<\/td><\/tr><tr><td>Refeit\u00f3rio<\/td><td class=\"has-text-align-center\" data-align=\"center\">12:00<\/td><td class=\"has-text-align-center\" data-align=\"center\">14:00<\/td><td class=\"has-text-align-center\" data-align=\"center\" colspan=\"2\">&#8211;<\/td><\/tr><tr><td>SASE<\/td><td class=\"has-text-align-center\" data-align=\"center\">9:00<\/td><td class=\"has-text-align-center\" data-align=\"center\">12:30<\/td><td class=\"has-text-align-center\" data-align=\"center\">14:00<\/td><td class=\"has-text-align-center\" data-align=\"center\">17:30<\/td><\/tr><\/tbody><\/table><\/figure>\n\n\n\n<figure class=\"wp-block-table\"><table class=\"has-fixed-layout\"><tbody><tr><td colspan=\"5\"><strong>ESCOLA SECUND\u00c1RIA\/3 MARTINHO \u00c1RIAS<\/strong><\/td><\/tr><tr><td rowspan=\"2\"><strong>Servi\u00e7o<\/strong><\/td><td class=\"has-text-align-center\" data-align=\"center\" colspan=\"2\"><strong>Manh\u00e3<\/strong><\/td><td class=\"has-text-align-center\" data-align=\"center\" colspan=\"2\"><strong>Tarde<\/strong><\/td><\/tr><tr><td><strong>Abertura<\/strong><\/td><td class=\"has-text-align-center\" data-align=\"center\"><strong>Fecho<\/strong><\/td><td class=\"has-text-align-center\" data-align=\"center\"><strong>Abertura<\/strong><\/td><td class=\"has-text-align-center\" data-align=\"center\"><strong>Fecho<\/strong><\/td><\/tr><tr><td>Bar alunos<\/td><td class=\"has-text-align-center\" data-align=\"center\">08:00<\/td><td class=\"has-text-align-center\" data-align=\"center\" colspan=\"2\">-&gt;<\/td><td class=\"has-text-align-center\" data-align=\"center\">17:00<\/td><\/tr><tr><td>Biblioteca<\/td><td class=\"has-text-align-center\" data-align=\"center\">08:30<\/td><td class=\"has-text-align-center\" data-align=\"center\" colspan=\"2\">-&gt;<\/td><td class=\"has-text-align-center\" data-align=\"center\">17:30<\/td><\/tr><tr><td>Papelaria<\/td><td class=\"has-text-align-center\" data-align=\"center\">08:00<\/td><td class=\"has-text-align-center\" data-align=\"center\" colspan=\"2\">-&gt;<\/td><td class=\"has-text-align-center\" data-align=\"center\">17:00<\/td><\/tr><tr><td>PBX<\/td><td class=\"has-text-align-center\" data-align=\"center\">08:15<\/td><td class=\"has-text-align-center\" data-align=\"center\" colspan=\"2\">-&gt;<\/td><td class=\"has-text-align-center\" data-align=\"center\">17:30<\/td><\/tr><tr><td>Refeit\u00f3rio<\/td><td class=\"has-text-align-center\" data-align=\"center\">12:30<\/td><td class=\"has-text-align-center\" data-align=\"center\">14:00<\/td><td class=\"has-text-align-center\" data-align=\"center\">&#8211;<\/td><td class=\"has-text-align-center\" data-align=\"center\">&#8211;<\/td><\/tr><tr><td>Reprografia<\/td><td class=\"has-text-align-center\" data-align=\"center\">09:00<\/td><td class=\"has-text-align-center\" data-align=\"center\">12:00<\/td><td class=\"has-text-align-center\" data-align=\"center\">14:00<\/td><td class=\"has-text-align-center\" data-align=\"center\">16:30<\/td><\/tr><tr><td>Secretaria<\/td><td class=\"has-text-align-center\" data-align=\"center\">09:00<\/td><td class=\"has-text-align-center\" data-align=\"center\" colspan=\"2\">-&gt;<\/td><td class=\"has-text-align-center\" data-align=\"center\">16:00 &#8211; 2\u00aa, 3\u00aa e 5\u00aa<br \/>14:00 &#8211; 4\u00aa e 6\u00aa<\/td><\/tr><\/tbody><\/table><\/figure>\n\n\n\n<p><\/p>\n","protected":false},"excerpt":{"rendered":"<p>ESCOLA&nbsp;B\u00c1SICA 1,2 DE SOURE Servi\u00e7o Manh\u00e3 Tarde Abertura Fecho Abertura Fecho Bar alunos 7:45 -&gt; 16:15 Biblioteca 8:30 -&gt; 17:30 Papelaria \/ Reprografia 8:00 -&gt;<a href=\"https:\/\/www.escolasdesoure.pt\/web\/agrupamento\/horarios-dos-servicos\/\" class=\"more-link\"><span class=\"screen-reader-text\"> &#8220;Hor\u00e1rios dos Servi\u00e7os&#8221;<\/span><\/a><\/p>\n","protected":false},"author":1,"featured_media":11628,"parent":550,"menu_order":5,"comment_status":"closed","ping_status":"closed","template":"","meta":{"footnotes":""},"class_list":["post-73","page","type-page","status-publish","has-post-thumbnail","hentry"],"_links":{"self":[{"href":"https:\/\/www.escolasdesoure.pt\/web\/wp-json\/wp\/v2\/pages\/73","targetHints":{"allow":["GET"]}}],"collection":[{"href":"https:\/\/www.escolasdesoure.pt\/web\/wp-json\/wp\/v2\/pages"}],"about":[{"href":"https:\/\/www.escolasdesoure.pt\/web\/wp-json\/wp\/v2\/types\/page"}],"author":[{"embeddable":true,"href":"https:\/\/www.escolasdesoure.pt\/web\/wp-json\/wp\/v2\/users\/1"}],"replies":[{"embeddable":true,"href":"https:\/\/www.escolasdesoure.pt\/web\/wp-json\/wp\/v2\/comments?post=73"}],"version-history":[{"count":48,"href":"https:\/\/www.escolasdesoure.pt\/web\/wp-json\/wp\/v2\/pages\/73\/revisions"}],"predecessor-version":[{"id":19615,"href":"https:\/\/www.escolasdesoure.pt\/web\/wp-json\/wp\/v2\/pages\/73\/revisions\/19615"}],"up":[{"embeddable":true,"href":"https:\/\/www.escolasdesoure.pt\/web\/wp-json\/wp\/v2\/pages\/550"}],"wp:featuredmedia":[{"embeddable":true,"href":"https:\/\/www.escolasdesoure.pt\/web\/wp-json\/wp\/v2\/media\/11628"}],"wp:attachment":[{"href":"https:\/\/www.escolasdesoure.pt\/web\/wp-json\/wp\/v2\/media?parent=73"}],"curies":[{"name":"wp","href":"https:\/\/api.w.org\/{rel}","templated":true}]}}