{"id":637,"date":"2009-12-10T18:14:40","date_gmt":"2009-12-10T18:14:40","guid":{"rendered":"http:\/\/escolasdesoure.pt\/web\/?page_id=637"},"modified":"2021-10-21T14:57:04","modified_gmt":"2021-10-21T13:57:04","slug":"historia","status":"publish","type":"page","link":"https:\/\/www.escolasdesoure.pt\/web\/agrupamento\/historia\/","title":{"rendered":"Hist\u00f3ria"},"content":{"rendered":"<p style=\"text-align: justify;\">A escola foi criada pelo Decreto-Lei n\u00ba 260-B\/75 de 26 de Maio, entrando em funcionamento no in\u00edcio do ano letivo de 1975\/1976. Ocupou as instala\u00e7\u00f5es sitas na Rua Her\u00f3is 25 de Abril, funcionando em 11 pavilh\u00f5es pr\u00e9-fabricados de um piso e de um edif\u00edcio antigo destinado aos servi\u00e7os administrativos.<\/p>\n<p>Em Abril de 1992, na reuni\u00e3o do conselho pedag\u00f3gico, \u00e9 dado a conhecer a circular 6\/93, a qual referia a obriga\u00e7\u00e3o de se atribuir um nome \u00e0 escola. Maria de Jesus Cachulo, presidente do conselho executivo de ent\u00e3o, referiu que o \u00f3rg\u00e3o possu\u00eda como proposta para tal facto o nome de Martinho \u00c1rias, como s\u00edmbolo de afirma\u00e7\u00e3o e vontade de autonomia de um povo. Ap\u00f3s v\u00e1rias reuni\u00f5es entre a Escola e a C\u00e2mara Municipal de Soure, chegou-se a um consenso sobre o nome: Martinho \u00c1rias. Esta denomina\u00e7\u00e3o foi dada \u00e0 escola em despacho (12 422) a 11 de Novembro de 1997.<\/p>\n<p>Em 2004\/2005 a Escola Secund\u00e1ria Martinho \u00c1rias muda para as atuais instala\u00e7\u00f5es, na Quinta das Nogueiras, sendo composta por 3 blocos e tendo sido inaugurada no dia 5 de Janeiro de 2005.<\/p>\n<p>A Escola Secund\u00e1ria Martinho \u00c1rias, sede do Agrupamento Vertical de Escolas de Soure desde o ano letivo de 2006\/2007, \u00e9 um equipamento educativo vocacionado para o ensino do 3\u00ba ciclo e secund\u00e1rio, inaugurado em 2005.<\/p>\n<p>A escola possui como infraestruturas tr\u00eas blocos principais (bloco A &#8211; servi\u00e7os administrativos, sase, CE, bar, papelaria, reprografia, centro de forma\u00e7\u00e3o Sic\u00f3 Norte, sala dos professores e salas de aula; bloco B \u2013 biblioteca, sala de estudo, audit\u00f3rio, laborat\u00f3rios de biologia-geologia, f\u00edsica-qu\u00edmica, inform\u00e1tica, Centro de Novas Oportunidades e salas de aula; bloco C \u2013 sala de apoio aos NES, gabinete de psicologia, Espa\u00e7o J, laborat\u00f3rios de mec\u00e2nica e salas de aula), um pavilh\u00e3o coberto com balne\u00e1rios e dois blocos de apoio, um destinado ao refeit\u00f3rio e outro de balne\u00e1rios de apoio ao campo desportivo exterior.<\/p>\n<p>Dista da Vila de Soure cerca dois km, encontrando-se isolada de outras constru\u00e7\u00f5es (apenas tem como vizinhos, um armaz\u00e9m de azulejos e o supermercado Pingo Doce, inaugurado em Agosto de 2007), circundada por \u00e1rea florestal, acess\u00edvel somente pela estrada nacional Condeixa-Soure ou por estradas secund\u00e1rias e servida por escassos transportes p\u00fablicos (efetuados de manh\u00e3, \u00e0 hora de almo\u00e7o, \u00e0s quatro horas e no final das aulas)<\/p>\n","protected":false},"excerpt":{"rendered":"<p>A escola foi criada pelo Decreto-Lei n\u00ba 260-B\/75 de 26 de Maio, entrando em funcionamento no in\u00edcio do ano letivo de 1975\/1976. Ocupou as instala\u00e7\u00f5es<a href=\"https:\/\/www.escolasdesoure.pt\/web\/agrupamento\/historia\/\" class=\"more-link\"><span class=\"screen-reader-text\"> &#8220;Hist\u00f3ria&#8221;<\/span><\/a><\/p>\n","protected":false},"author":1,"featured_media":0,"parent":550,"menu_order":4,"comment_status":"closed","ping_status":"closed","template":"","meta":{"footnotes":""},"class_list":["post-637","page","type-page","status-publish","hentry"],"_links":{"self":[{"href":"https:\/\/www.escolasdesoure.pt\/web\/wp-json\/wp\/v2\/pages\/637","targetHints":{"allow":["GET"]}}],"collection":[{"href":"https:\/\/www.escolasdesoure.pt\/web\/wp-json\/wp\/v2\/pages"}],"about":[{"href":"https:\/\/www.escolasdesoure.pt\/web\/wp-json\/wp\/v2\/types\/page"}],"author":[{"embeddable":true,"href":"https:\/\/www.escolasdesoure.pt\/web\/wp-json\/wp\/v2\/users\/1"}],"replies":[{"embeddable":true,"href":"https:\/\/www.escolasdesoure.pt\/web\/wp-json\/wp\/v2\/comments?post=637"}],"version-history":[{"count":6,"href":"https:\/\/www.escolasdesoure.pt\/web\/wp-json\/wp\/v2\/pages\/637\/revisions"}],"predecessor-version":[{"id":15421,"href":"https:\/\/www.escolasdesoure.pt\/web\/wp-json\/wp\/v2\/pages\/637\/revisions\/15421"}],"up":[{"embeddable":true,"href":"https:\/\/www.escolasdesoure.pt\/web\/wp-json\/wp\/v2\/pages\/550"}],"wp:attachment":[{"href":"https:\/\/www.escolasdesoure.pt\/web\/wp-json\/wp\/v2\/media?parent=637"}],"curies":[{"name":"wp","href":"https:\/\/api.w.org\/{rel}","templated":true}]}}