{"id":6110,"date":"2021-09-16T09:00:39","date_gmt":"2021-09-16T08:00:39","guid":{"rendered":"http:\/\/www.escolasdesoure.pt\/web\/?page_id=6110"},"modified":"2026-03-06T12:18:10","modified_gmt":"2026-03-06T12:18:10","slug":"docs-orientadores","status":"publish","type":"page","link":"https:\/\/www.escolasdesoure.pt\/web\/documentos\/docs-orientadores\/","title":{"rendered":"Orientadores"},"content":{"rendered":"\n<figure class=\"wp-block-table is-style-stripes jstable\"><table><tbody><tr><td><a href=\"https:\/\/drive.google.com\/file\/d\/1ZCDrqkeAS9toZyQ3Wsl-eK35h4oguK7o\/view?usp=sharing\" target=\"_blank\" rel=\"noopener noreferrer\"><img decoding=\"async\" class=\"alignnone\" src=\"http:\/\/www.escolasdesoure.pt\/web\/wp-content\/uploads\/2016\/03\/pdf.png\" alt=\"pdf\" width=\"32\" height=\"32\"\/><\/a><\/td><td>Estrat\u00e9gia de Educa\u00e7\u00e3o para a Cidadania<\/td><\/tr><tr><td><a href=\"https:\/\/drive.google.com\/file\/d\/1CHWveYDQlX88HChKs2huUHdi4JbfIzOl\/view?usp=drive_link\" target=\"_blank\" rel=\"noreferrer noopener\"><img decoding=\"async\" width=\"32\" height=\"32\" class=\"alignnone\" src=\"http:\/\/www.escolasdesoure.pt\/web\/wp-content\/uploads\/2016\/03\/pdf.png\" alt=\"pdf\"\/><\/a><\/td><td>Organiza\u00e7\u00e3o do ano letivo 2025-2026<\/td><\/tr><tr><td><a href=\"https:\/\/drive.google.com\/file\/d\/1DzKPHyXCkP0lGopQXws0wIirfIa853Hi\/view?usp=drive_link\" target=\"_blank\" rel=\"noreferrer noopener\"><img decoding=\"async\" width=\"32\" height=\"32\" class=\"alignnone\" src=\"http:\/\/www.escolasdesoure.pt\/web\/wp-content\/uploads\/2016\/03\/pdf.png\" alt=\"pdf\"\/><\/a><\/td><td>Plano de A\u00e7\u00f5es de Melhoria 2023-2026<\/td><\/tr><tr><td><a href=\"https:\/\/drive.google.com\/file\/d\/1GaneNJoEwR8XkTFKHPtlq4e26kZL6LSB\/view?usp=sharing\" target=\"_blank\" rel=\"noopener noreferrer\"><img decoding=\"async\" src=\"http:\/\/www.escolasdesoure.pt\/web\/wp-content\/uploads\/2016\/03\/pdf.png\" alt=\"pdf\" width=\"32\" height=\"32\"\/><\/a><\/td><td>Plano de A\u00e7\u00e3o Estrat\u00e9gica 2021-2025<\/td><\/tr><tr><td><a href=\"https:\/\/drive.google.com\/file\/d\/1kn-3zFWZGbZhgalKpZRweoaGYdbixpCS\/view?usp=drive_link\" target=\"_blank\" rel=\"noreferrer noopener\"><img decoding=\"async\" width=\"32\" height=\"32\" src=\"http:\/\/www.escolasdesoure.pt\/web\/wp-content\/uploads\/2016\/03\/pdf.png\" alt=\"pdf\"\/><\/a><\/td><td>Plano de A\u00e7\u00e3o para a Promo\u00e7\u00e3o da Disciplina<\/td><\/tr><tr><td><a href=\"https:\/\/drive.google.com\/file\/d\/0B2sE9-A8CD34Z3BhMDhBaUo1SWc\/view?usp=sharing\" target=\"_blank\" rel=\"noopener noreferrer\"><img decoding=\"async\" src=\"http:\/\/www.escolasdesoure.pt\/web\/wp-content\/uploads\/2016\/03\/pdf.png\" alt=\"pdf\" width=\"32\" height=\"32\"\/><\/a><\/td><td>Plano de Forma\u00e7\u00e3o 2025-2026 a 2027-2028<\/td><\/tr><tr><td><a href=\"https:\/\/drive.google.com\/file\/d\/1aZgmH1LQTOfi5mEDULPD1CaygD8znOXn\/view?usp=drive_link\" target=\"_blank\" rel=\"noreferrer noopener\"><img decoding=\"async\" width=\"32\" height=\"32\" src=\"http:\/\/www.escolasdesoure.pt\/web\/wp-content\/uploads\/2016\/03\/pdf.png\" alt=\"pdf\"\/><\/a><\/td><td>Plano de Interven\u00e7\u00e3o da Diretora 2025-2029<\/td><\/tr><tr><td><a href=\"https:\/\/drive.google.com\/file\/d\/1_1iB5N8QrzbvTOouXDwtjqKDFPCYGR66\/view?usp=sharing\" target=\"_blank\" rel=\"noopener noreferrer\"><img decoding=\"async\" class=\"alignnone\" src=\"https:\/\/www.escolasdesoure.pt\/web\/wp-content\/uploads\/2016\/03\/pdf.png\" alt=\"pdf\" width=\"32\" height=\"32\"\/><\/a><\/td><td>Plano Plurianual de Atividades 2025-2029<\/td><\/tr><tr><td><a href=\"https:\/\/drive.google.com\/file\/d\/1z7ZfJQQ3ZAAoQmG5buvUQsqCNtdWxlMi\/view?usp=sharing\" target=\"_blank\" rel=\"noopener noreferrer\"><img decoding=\"async\" class=\"alignnone\" src=\"http:\/\/www.escolasdesoure.pt\/web\/wp-content\/uploads\/2016\/03\/pdf.png\" alt=\"pdf\" width=\"32\" height=\"32\"\/><\/a><\/td><td>Projeto Educativo 2023-2026<\/td><\/tr><tr><td><a href=\"https:\/\/drive.google.com\/file\/d\/1sHDfgccy6x9pQmV_N-MMDtLkODt6AIsx\/view?usp=sharing\" target=\"_blank\" rel=\"noopener noreferrer\"><img decoding=\"async\" class=\"alignnone\" src=\"http:\/\/www.escolasdesoure.pt\/web\/wp-content\/uploads\/2016\/03\/pdf.png\" alt=\"pdf\" width=\"32\" height=\"32\"\/><\/a><\/td><td>Projeto de Interven\u00e7\u00e3o &#8211; Avaliar, ensinar, aprender<\/td><\/tr><\/tbody><\/table><\/figure>\n\n\n\n<p><strong>Regulamentos<\/strong><\/p>\n\n\n\n<figure class=\"wp-block-table is-style-stripes jstable\"><table class=\"has-fixed-layout\"><tbody><tr><td><a href=\"https:\/\/drive.google.com\/file\/d\/0B8uHoijqUNxIb0ppMW03STJQTkk\/view?usp=sharing\" target=\"_blank\" rel=\"noopener noreferrer\"><img decoding=\"async\" width=\"32\" height=\"32\" class=\"alignnone\" src=\"http:\/\/www.escolasdesoure.pt\/web\/wp-content\/uploads\/2016\/03\/pdf.png\" alt=\"pdf\"\/><\/a><\/td><td>Regulamento Interno<\/td><td><\/td><\/tr><tr><td><a href=\"https:\/\/drive.google.com\/file\/d\/1ULXQbPNXgArgYdJxG4_mt1jSeNS2iNZf\/view?usp=drive_link\" target=\"_blank\" rel=\"noreferrer noopener\"><img decoding=\"async\" width=\"32\" height=\"32\" class=\"alignnone\" src=\"http:\/\/www.escolasdesoure.pt\/web\/wp-content\/uploads\/2016\/03\/pdf.png\" alt=\"pdf\"\/><\/a><\/td><td>Cadastro e invent\u00e1rio dos bens do Estado (CIBE)<\/td><td><\/td><\/tr><tr><td><a href=\"https:\/\/drive.google.com\/file\/d\/1lfpxySJLWzvppaZQOTpJLf_s5SE5r2PW\/view?usp=sharing\" target=\"_blank\" rel=\"noreferrer noopener\"><img decoding=\"async\" width=\"32\" height=\"32\" class=\"alignnone\" src=\"http:\/\/www.escolasdesoure.pt\/web\/wp-content\/uploads\/2016\/03\/pdf.png\" alt=\"pdf\"\/><\/a><\/td><td>Ajudas de custo e despesas de transporte<\/td><td><\/td><\/tr><tr><td><a href=\"https:\/\/drive.google.com\/file\/d\/13aVhPrgtMPtmcmqjZ0PQKVsPsEd7uccE\/view?usp=sharing\" target=\"_blank\" rel=\"noreferrer noopener\"><img decoding=\"async\" width=\"32\" height=\"32\" class=\"alignnone\" src=\"http:\/\/www.escolasdesoure.pt\/web\/wp-content\/uploads\/2016\/03\/pdf.png\" alt=\"pdf\"\/><\/a><\/td><td>Manual de procedimentos administrativos<br \/>(SCI)<\/td><td><\/td><\/tr><\/tbody><\/table><\/figure>\n\n\n\n<p><\/p>\n","protected":false},"excerpt":{"rendered":"<p>Estrat\u00e9gia de Educa\u00e7\u00e3o para a Cidadania Organiza\u00e7\u00e3o do ano letivo 2025-2026 Plano de A\u00e7\u00f5es de Melhoria 2023-2026 Plano de A\u00e7\u00e3o Estrat\u00e9gica 2021-2025 Plano de A\u00e7\u00e3o<a href=\"https:\/\/www.escolasdesoure.pt\/web\/documentos\/docs-orientadores\/\" class=\"more-link\"><span class=\"screen-reader-text\"> &#8220;Orientadores&#8221;<\/span><\/a><\/p>\n","protected":false},"author":1,"featured_media":0,"parent":11646,"menu_order":2,"comment_status":"closed","ping_status":"closed","template":"","meta":{"footnotes":""},"class_list":["post-6110","page","type-page","status-publish","hentry"],"_links":{"self":[{"href":"https:\/\/www.escolasdesoure.pt\/web\/wp-json\/wp\/v2\/pages\/6110","targetHints":{"allow":["GET"]}}],"collection":[{"href":"https:\/\/www.escolasdesoure.pt\/web\/wp-json\/wp\/v2\/pages"}],"about":[{"href":"https:\/\/www.escolasdesoure.pt\/web\/wp-json\/wp\/v2\/types\/page"}],"author":[{"embeddable":true,"href":"https:\/\/www.escolasdesoure.pt\/web\/wp-json\/wp\/v2\/users\/1"}],"replies":[{"embeddable":true,"href":"https:\/\/www.escolasdesoure.pt\/web\/wp-json\/wp\/v2\/comments?post=6110"}],"version-history":[{"count":73,"href":"https:\/\/www.escolasdesoure.pt\/web\/wp-json\/wp\/v2\/pages\/6110\/revisions"}],"predecessor-version":[{"id":21920,"href":"https:\/\/www.escolasdesoure.pt\/web\/wp-json\/wp\/v2\/pages\/6110\/revisions\/21920"}],"up":[{"embeddable":true,"href":"https:\/\/www.escolasdesoure.pt\/web\/wp-json\/wp\/v2\/pages\/11646"}],"wp:attachment":[{"href":"https:\/\/www.escolasdesoure.pt\/web\/wp-json\/wp\/v2\/media?parent=6110"}],"curies":[{"name":"wp","href":"https:\/\/api.w.org\/{rel}","templated":true}]}}