{"id":42,"date":"2009-10-14T19:07:51","date_gmt":"2009-10-14T18:07:51","guid":{"rendered":"http:\/\/escolasdesoure.pt\/web\/?page_id=42"},"modified":"2022-02-09T18:02:09","modified_gmt":"2022-02-09T18:02:09","slug":"contactos","status":"publish","type":"page","link":"https:\/\/www.escolasdesoure.pt\/web\/agrupamento\/contactos\/","title":{"rendered":"Contactos"},"content":{"rendered":"\n<p><strong>ESCOLA SECUND\u00c1RIA MARTINHO \u00c1RIAS (sede do Agrupamento)<\/strong><\/p>\n\n\n\n<figure class=\"wp-block-table is-style-stripes\"><table><tbody><tr><td><strong>Endere\u00e7o:<\/strong><\/td><td>Quinta das Nogueiras, 3130-211 Soure<\/td><\/tr><tr><td><strong>Telefone:<\/strong><\/td><td>239 506 010<\/td><\/tr><tr><td><strong>Fax:<\/strong><\/td><td>239 506 019<\/td><\/tr><tr><td><strong>E-mail:<\/strong><\/td><td>esma@escolasdesoure.pt<\/td><\/tr><tr><td>\u00a0<strong><\/strong><strong>Contabilidade<\/strong>:<\/td><td>contabilidade@escolasdesoure.pt<\/td><\/tr><tr><td><strong>Alunos:<\/strong><\/td><td>secalunos@escolasdesoure.pt<\/td><\/tr><tr><td><strong>Pessoal:<\/strong><\/td><td>secpessoal@escolasdesoure.pt<\/td><\/tr><tr><td><strong>Sase:<\/strong><\/td><td>sase@escolasdesoure.pt<\/td><\/tr><tr><td><strong>Associa\u00e7\u00e3o de Pais:<\/strong><\/td><td>apais.soure@gmail.com<\/td><\/tr><\/tbody><\/table><\/figure>\n\n\n\n<p><strong>JARDINS DE INF\u00c2NCIA<\/strong><\/p>\n\n\n\n<figure class=\"wp-block-table is-style-stripes\"><table><thead><tr><th>Estabelecimento<\/th><th>Telefone<\/th><th>Morada<\/th><\/tr><\/thead><tbody><tr><td>JI de Alfarelos<\/td><td>239 644 715<\/td><td>3130-001 Alfarelos<\/td><\/tr><tr><td>JI de Degracias<\/td><td>236 911 125<\/td><td>3130-022 Degracias<\/td><\/tr><tr><td>JI de Figueir\u00f3 do Campo<\/td><td>239 644 728<\/td><td>3130-040 Figueir\u00f3 do Campo<\/td><\/tr><tr><td>JI de Granja do Ulmeiro<\/td><td>239 644 729<\/td><td>3130-080 Granja do Ulmeiro<\/td><\/tr><tr><td>JI de Marco<\/td><td>239 508 480<\/td><td>3130-119 Samuel<\/td><\/tr><tr><td>JI de Pouca Pena<\/td><td>239 641 730<\/td><td>3130-541 Soure<\/td><\/tr><tr><td>JI de Sim\u00f5es<\/td><td>239 509 991<\/td><td>3130-546 Soure<\/td><\/tr><tr><td>JI de Sobral<\/td><td>239 509 578<\/td><td>3130-548 Soure<\/td><\/tr><tr><td>JI de Soure<\/td><td>239 509 543<\/td><td>Largo Munic\u00edpio 3130-255 Soure<\/td><\/tr><tr><td>JI de Tapeus<\/td><td>236 912 063<\/td><td>3130-387 Tapeus<\/td><\/tr><tr><td>JI de Vila Nova de An\u00e7os<\/td><td>239 641 345<\/td><td>3130-400 Vila Nova de An\u00e7os<\/td><\/tr><tr><td>JI de Vinha da Rainha<\/td><td>239 508 475<\/td><td>3130-433 Vinha da Rainha<\/td><\/tr><\/tbody><\/table><\/figure>\n\n\n\n<p><strong>1\u00ba CICLO<\/strong><\/p>\n\n\n\n<figure class=\"wp-block-table is-style-stripes\"><table><thead><tr><th>Estabelecimento<\/th><th>Telefone<\/th><th>Morada<\/th><\/tr><\/thead><tbody><tr><td>Escola B\u00e1sica de Alfarelos<\/td><td>239 644 716<\/td><td>3130-001 Alfarelos<\/td><\/tr><tr><td>Escola B\u00e1sica de Degracias<\/td><td>236 911 125<\/td><td>3130-022 Degracias<\/td><\/tr><tr><td>Escola B\u00e1sica de Figueir\u00f3 do Campo<\/td><td>239 644 726<\/td><td>3130-040 Figueir\u00f3 do Campo<\/td><\/tr><tr><td>Escola B\u00e1sica de Gesteira<\/td><td>239 509 042<\/td><td>3130-062 Gesteira<\/td><\/tr><tr><td>Escola B\u00e1sica da Granja do Ulmeiro<\/td><td>239 644 727<\/td><td>3130-080 Granja do Ulmeiro<\/td><\/tr><tr><td>Escola B\u00e1sica de Marco<\/td><td>239 508 481<\/td><td>3130-119 Samuel<\/td><\/tr><tr><td>Escola B\u00e1sica de Sobral<\/td><td>239 501 578<\/td><td>3130-548 Soure<\/td><\/tr><tr><td>Escola B\u00e1sica 1,2 de Soure<\/td><td>239 506 480<\/td><td>Encosta do Sol 3130-255 Soure<\/td><\/tr><tr><td>Escola B\u00e1sica de Tapeus<\/td><td>236 912 063<\/td><td>3130-387 Tapeus<\/td><\/tr><tr><td>Escola B\u00e1sica de Vila Nova de An\u00e7os<\/td><td>239 641 732<\/td><td>3130-400 Vila Nova de An\u00e7os<\/td><\/tr><tr><td>Escola B\u00e1sica de Vinha da Rainha<\/td><td>239 508 476<\/td><td>3130-433 Vinha da Rainha<\/td><\/tr><\/tbody><\/table><\/figure>\n\n\n\n<p><strong>2\u00ba CICLO<\/strong><\/p>\n\n\n\n<figure class=\"wp-block-table is-style-stripes\"><table><thead><tr><th>Estabelecimento<\/th><th>Telefone<\/th><th>Morada<\/th><\/tr><\/thead><tbody><tr><td>Escola B\u00e1sica 1,2 de Soure<\/td><td>239 506 480<\/td><td>Encosta do Sol 3130-255 Soure<\/td><\/tr><\/tbody><\/table><\/figure>\n","protected":false},"excerpt":{"rendered":"<p>ESCOLA SECUND\u00c1RIA MARTINHO \u00c1RIAS (sede do Agrupamento) Endere\u00e7o: Quinta das Nogueiras, 3130-211 Soure Telefone: 239 506 010 Fax: 239 506 019 E-mail: esma@escolasdesoure.pt \u00a0Contabilidade: contabilidade@escolasdesoure.pt<a href=\"https:\/\/www.escolasdesoure.pt\/web\/agrupamento\/contactos\/\" class=\"more-link\"><span class=\"screen-reader-text\"> &#8220;Contactos&#8221;<\/span><\/a><\/p>\n","protected":false},"author":1,"featured_media":0,"parent":550,"menu_order":2,"comment_status":"closed","ping_status":"closed","template":"","meta":{"footnotes":""},"class_list":["post-42","page","type-page","status-publish","hentry"],"_links":{"self":[{"href":"https:\/\/www.escolasdesoure.pt\/web\/wp-json\/wp\/v2\/pages\/42","targetHints":{"allow":["GET"]}}],"collection":[{"href":"https:\/\/www.escolasdesoure.pt\/web\/wp-json\/wp\/v2\/pages"}],"about":[{"href":"https:\/\/www.escolasdesoure.pt\/web\/wp-json\/wp\/v2\/types\/page"}],"author":[{"embeddable":true,"href":"https:\/\/www.escolasdesoure.pt\/web\/wp-json\/wp\/v2\/users\/1"}],"replies":[{"embeddable":true,"href":"https:\/\/www.escolasdesoure.pt\/web\/wp-json\/wp\/v2\/comments?post=42"}],"version-history":[{"count":103,"href":"https:\/\/www.escolasdesoure.pt\/web\/wp-json\/wp\/v2\/pages\/42\/revisions"}],"predecessor-version":[{"id":15854,"href":"https:\/\/www.escolasdesoure.pt\/web\/wp-json\/wp\/v2\/pages\/42\/revisions\/15854"}],"up":[{"embeddable":true,"href":"https:\/\/www.escolasdesoure.pt\/web\/wp-json\/wp\/v2\/pages\/550"}],"wp:attachment":[{"href":"https:\/\/www.escolasdesoure.pt\/web\/wp-json\/wp\/v2\/media?parent=42"}],"curies":[{"name":"wp","href":"https:\/\/api.w.org\/{rel}","templated":true}]}}