{"id":360,"date":"2020-09-17T10:00:29","date_gmt":"2020-09-17T09:00:29","guid":{"rendered":"http:\/\/escolasdesoure.pt\/web\/?page_id=360"},"modified":"2020-09-17T14:18:44","modified_gmt":"2020-09-17T13:18:44","slug":"diretores-de-turma","status":"publish","type":"page","link":"https:\/\/www.escolasdesoure.pt\/web\/ano-letivo\/diretores-de-turma\/","title":{"rendered":"Diretores de Turma"},"content":{"rendered":"<p>Hor\u00e1rio de atendimento dos Diretores de Turma a Encarregados de Educa\u00e7\u00e3o para o ano letivo de 2020\/2021.<\/p>\n<p style=\"text-align: center;\"><strong>2\u00ba CICLO<\/strong><\/p>\n<p><img decoding=\"async\" class=\"aligncenter size-full wp-image-14118\" src=\"https:\/\/www.escolasdesoure.pt\/web\/wp-content\/uploads\/2020\/09\/dt20.21.jpg\" alt=\"\" width=\"800\" height=\"329\" srcset=\"https:\/\/www.escolasdesoure.pt\/web\/wp-content\/uploads\/2020\/09\/dt20.21.jpg 800w, https:\/\/www.escolasdesoure.pt\/web\/wp-content\/uploads\/2020\/09\/dt20.21-300x123.jpg 300w, https:\/\/www.escolasdesoure.pt\/web\/wp-content\/uploads\/2020\/09\/dt20.21-768x316.jpg 768w\" sizes=\"(max-width: 800px) 100vw, 800px\" \/><\/p>\n<p style=\"text-align: center;\"><strong>3\u00ba CICLO E SECUND\u00c1RIO<\/strong><\/p>\n<p style=\"text-align: center;\">(Brevemente)<\/p>\n","protected":false},"excerpt":{"rendered":"<p>Hor\u00e1rio de atendimento dos Diretores de Turma a Encarregados de Educa\u00e7\u00e3o para o ano letivo de 2020\/2021. 2\u00ba CICLO 3\u00ba CICLO E SECUND\u00c1RIO (Brevemente)<\/p>\n","protected":false},"author":1,"featured_media":8497,"parent":9759,"menu_order":3,"comment_status":"closed","ping_status":"closed","template":"","meta":{"footnotes":""},"class_list":["post-360","page","type-page","status-publish","has-post-thumbnail","hentry"],"_links":{"self":[{"href":"https:\/\/www.escolasdesoure.pt\/web\/wp-json\/wp\/v2\/pages\/360","targetHints":{"allow":["GET"]}}],"collection":[{"href":"https:\/\/www.escolasdesoure.pt\/web\/wp-json\/wp\/v2\/pages"}],"about":[{"href":"https:\/\/www.escolasdesoure.pt\/web\/wp-json\/wp\/v2\/types\/page"}],"author":[{"embeddable":true,"href":"https:\/\/www.escolasdesoure.pt\/web\/wp-json\/wp\/v2\/users\/1"}],"replies":[{"embeddable":true,"href":"https:\/\/www.escolasdesoure.pt\/web\/wp-json\/wp\/v2\/comments?post=360"}],"version-history":[{"count":58,"href":"https:\/\/www.escolasdesoure.pt\/web\/wp-json\/wp\/v2\/pages\/360\/revisions"}],"predecessor-version":[{"id":14122,"href":"https:\/\/www.escolasdesoure.pt\/web\/wp-json\/wp\/v2\/pages\/360\/revisions\/14122"}],"up":[{"embeddable":true,"href":"https:\/\/www.escolasdesoure.pt\/web\/wp-json\/wp\/v2\/pages\/9759"}],"wp:featuredmedia":[{"embeddable":true,"href":"https:\/\/www.escolasdesoure.pt\/web\/wp-json\/wp\/v2\/media\/8497"}],"wp:attachment":[{"href":"https:\/\/www.escolasdesoure.pt\/web\/wp-json\/wp\/v2\/media?parent=360"}],"curies":[{"name":"wp","href":"https:\/\/api.w.org\/{rel}","templated":true}]}}