{"id":354,"date":"2024-08-01T14:00:00","date_gmt":"2024-08-01T13:00:00","guid":{"rendered":"http:\/\/escolasdesoure.pt\/web\/?page_id=354"},"modified":"2025-08-29T07:58:24","modified_gmt":"2025-08-29T06:58:24","slug":"calendario-escolar","status":"publish","type":"page","link":"https:\/\/www.escolasdesoure.pt\/web\/ano-letivo\/calendario-escolar\/","title":{"rendered":"Calend\u00e1rio Escolar"},"content":{"rendered":"\n<figure class=\"wp-block-table is-style-stripes\"><table><tbody><tr><td><strong>Per\u00edodos letivos<\/strong><\/td><td><strong>In\u00edcio<\/strong><\/td><td><strong>Fim<\/strong><\/td><\/tr><tr><td>1.\u00ba<\/td><td>15 de setembro<\/td><td>16 de dezembro<\/td><\/tr><tr><td>2.\u00ba<\/td><td>5 de janeiro<\/td><td>27 de mar\u00e7o<\/td><\/tr><tr><td>3.\u00ba<\/td><td>13 de abril<\/td><td>5 de junho &#8211; 9.\u00ba ano, 11.\u00ba e 12.\u00ba anos <br \/>12 de junho &#8211; 5.\u00ba, 6.\u00ba, 7.\u00ba, 8.\u00ba e 10.\u00ba anos <br \/>30 de junho &#8211; Educa\u00e7\u00e3o pr\u00e9-escolar e 1.\u00ba ciclo<\/td><\/tr><\/tbody><\/table><\/figure>\n\n\n\n<p class=\"has-text-align-center\"><strong>(clicar na imagem para download)<\/strong><\/p>\n\n\n<div class=\"wp-block-image\">\n<figure class=\"aligncenter size-full\"><a href=\"https:\/\/drive.google.com\/uc?export=download&amp;id=1alrPAdG4XBlGpLLWYcOMzjQOqULwRO6S\"><img decoding=\"async\" width=\"1157\" height=\"714\" src=\"https:\/\/www.escolasdesoure.pt\/web\/wp-content\/uploads\/2025\/08\/CE2025-2026.jpg\" alt=\"\" class=\"wp-image-21102\" srcset=\"https:\/\/www.escolasdesoure.pt\/web\/wp-content\/uploads\/2025\/08\/CE2025-2026.jpg 1157w, https:\/\/www.escolasdesoure.pt\/web\/wp-content\/uploads\/2025\/08\/CE2025-2026-300x185.jpg 300w, https:\/\/www.escolasdesoure.pt\/web\/wp-content\/uploads\/2025\/08\/CE2025-2026-900x555.jpg 900w, https:\/\/www.escolasdesoure.pt\/web\/wp-content\/uploads\/2025\/08\/CE2025-2026-768x474.jpg 768w\" sizes=\"(max-width: 1157px) 100vw, 1157px\" \/><\/a><\/figure>\n<\/div>","protected":false},"excerpt":{"rendered":"<p>Per\u00edodos letivos In\u00edcio Fim 1.\u00ba 15 de setembro 16 de dezembro 2.\u00ba 5 de janeiro 27 de mar\u00e7o 3.\u00ba 13 de abril 5 de junho<a href=\"https:\/\/www.escolasdesoure.pt\/web\/ano-letivo\/calendario-escolar\/\" class=\"more-link\"><span class=\"screen-reader-text\"> &#8220;Calend\u00e1rio Escolar&#8221;<\/span><\/a><\/p>\n","protected":false},"author":1,"featured_media":0,"parent":9759,"menu_order":1,"comment_status":"closed","ping_status":"closed","template":"","meta":{"footnotes":""},"class_list":["post-354","page","type-page","status-publish","hentry"],"_links":{"self":[{"href":"https:\/\/www.escolasdesoure.pt\/web\/wp-json\/wp\/v2\/pages\/354","targetHints":{"allow":["GET"]}}],"collection":[{"href":"https:\/\/www.escolasdesoure.pt\/web\/wp-json\/wp\/v2\/pages"}],"about":[{"href":"https:\/\/www.escolasdesoure.pt\/web\/wp-json\/wp\/v2\/types\/page"}],"author":[{"embeddable":true,"href":"https:\/\/www.escolasdesoure.pt\/web\/wp-json\/wp\/v2\/users\/1"}],"replies":[{"embeddable":true,"href":"https:\/\/www.escolasdesoure.pt\/web\/wp-json\/wp\/v2\/comments?post=354"}],"version-history":[{"count":104,"href":"https:\/\/www.escolasdesoure.pt\/web\/wp-json\/wp\/v2\/pages\/354\/revisions"}],"predecessor-version":[{"id":21105,"href":"https:\/\/www.escolasdesoure.pt\/web\/wp-json\/wp\/v2\/pages\/354\/revisions\/21105"}],"up":[{"embeddable":true,"href":"https:\/\/www.escolasdesoure.pt\/web\/wp-json\/wp\/v2\/pages\/9759"}],"wp:attachment":[{"href":"https:\/\/www.escolasdesoure.pt\/web\/wp-json\/wp\/v2\/media?parent=354"}],"curies":[{"name":"wp","href":"https:\/\/api.w.org\/{rel}","templated":true}]}}