{"id":29,"date":"2019-10-16T11:16:44","date_gmt":"2019-10-16T10:16:44","guid":{"rendered":"https:\/\/aemaerasmusmais.wordpress.com\/?page_id=29"},"modified":"2021-02-22T14:46:41","modified_gmt":"2021-02-22T14:46:41","slug":"bookpackers-around-europe","status":"publish","type":"page","link":"https:\/\/www.escolasdesoure.pt\/web\/erasmus\/bookpackers-around-europe\/","title":{"rendered":"BOOKPACKERS AROUND EUROPE"},"content":{"rendered":"\n<figure class=\"wp-block-image size-large is-resized\"><img decoding=\"async\" src=\"https:\/\/aemaerasmusmais.files.wordpress.com\/2019\/11\/narrative-794978_1920.jpg?w=525\" alt=\"\" class=\"wp-image-140\" width=\"635\" height=\"357\" \/><\/figure>\n\n\n\n<p>O projeto Bookpackers around Europe: inspiring trips through past and present cultures (Bookpackers) come\u00e7ou como um clube do livro na escola IES Enric Valor, em 2013, e \u00e9 agora um projeto eTwinning denominado \u201cLet&#8217;s create the biggest reading club in Europe\u201d. Nele mais de duzentos estudantes votam, l\u00eaem e debatem atrav\u00e9s da videoconfer\u00eancia sobre o mesmo livro.<\/p>\n\n\n\n<p>Bookpackers nasce da convic\u00e7\u00e3o de que a leitura est\u00e1 associada a uma s\u00e9rie de necessidades pedag\u00f3gicas, sociais e individuais. Os nossos objetivos incluem:<\/p>\n\n\n\n<p>&#8211; Aumentar a consciencializa\u00e7\u00e3o da comunidade educativa para a import\u00e2ncia de promover a leitura atrav\u00e9s de um clube internacional de leitura que envolver\u00e1 toda a comunidade.<\/p>\n\n\n\n<p>-Integrar e implementar atividades que promovam metodologias ativas e aprendizagens significativas que contemplam a leitura e o patrim\u00f3nio liter\u00e1rio como um elemento transversal.<\/p>\n\n\n\n<p>-Melhorar as compet\u00eancias lingu\u00edsticas da compreens\u00e3o da leitura e da express\u00e3o oral em l\u00edngua materna e nas l\u00ednguas estrangeiras.<\/p>\n\n\n\n<p>-Valorizar o debate e a leitura compartilhada. Sensibilizar a comunidade educativa sobre a import\u00e2ncia do debate para o crescimento dos processos democr\u00e1ticos nas escolas.<\/p>\n\n\n\n<p>-Valorizar o patrim\u00f3nio cultural europeu para aumentar a nossa identidade c\u00edvica europeia.<\/p>\n\n\n\n<p>O projeto \u00e9 composto por escolas de Espanha (Coordenadora), It\u00e1lia, Pol\u00f3nia, Turquia e Portugal, representado pelo Agrupamento de Escolas Martinho \u00c1rias, Soure e terminar\u00e1 em agosto de 2021.<\/p>\n\n\n\n<p>O projeto \u00e9 estruturado em torno de quatro interc\u00e2mbios de estudantes, com idades entre 15 e 17 anos. Em cada interc\u00e2mbio as atividades ser\u00e3o organizadas em torno de cinco abordagens diferentes com enfoque no feito liter\u00e1rio: express\u00e3o oral, express\u00e3o escrita, hist\u00f3rico-liter\u00e1ria, criativa e global. Existir\u00e1 um debate p\u00fablico entre alunos\/as participantes sobre um livro escolhido por vota\u00e7\u00e3o na plataforma eTwinning; participar\u00e3o numa oficina de express\u00e3o oral; apresentar\u00e3o os seus trabalhos junto de colegas estrangeiros\/as para lhes explicar e promover o seu patrim\u00f3nio liter\u00e1rio do pa\u00eds e localidade.<\/p>\n\n\n\n<p>Uma ampla gama de pr\u00e1ticas educacionais e de conviv\u00eancia ser\u00e1 gerada a partir de todas essas atividades, al\u00e9m de produtos audiovisuais, guias orais e educacionais. Essas atividades s\u00e3o conclu\u00eddas numa forma\u00e7\u00e3o para docentes, na qual cada escola apresentar\u00e1 ao grupo a atividade da qual \u00e9 coordenadora.<\/p>\n\n\n\n<p>Uma frase resume todo o projeto: a leitura de um livro torna-se um evento numa localidade.<\/p>\n","protected":false},"excerpt":{"rendered":"<p>O projeto Bookpackers around Europe: inspiring trips through past and present cultures (Bookpackers) come\u00e7ou como um clube do livro na escola IES Enric Valor, em<a href=\"https:\/\/www.escolasdesoure.pt\/web\/erasmus\/bookpackers-around-europe\/\" class=\"more-link\"><span class=\"screen-reader-text\"> &#8220;BOOKPACKERS AROUND EUROPE&#8221;<\/span><\/a><\/p>\n","protected":false},"author":1,"featured_media":0,"parent":14566,"menu_order":0,"comment_status":"closed","ping_status":"closed","template":"","meta":{"footnotes":""},"class_list":["post-29","page","type-page","status-publish","hentry"],"_links":{"self":[{"href":"https:\/\/www.escolasdesoure.pt\/web\/wp-json\/wp\/v2\/pages\/29","targetHints":{"allow":["GET"]}}],"collection":[{"href":"https:\/\/www.escolasdesoure.pt\/web\/wp-json\/wp\/v2\/pages"}],"about":[{"href":"https:\/\/www.escolasdesoure.pt\/web\/wp-json\/wp\/v2\/types\/page"}],"author":[{"embeddable":true,"href":"https:\/\/www.escolasdesoure.pt\/web\/wp-json\/wp\/v2\/users\/1"}],"replies":[{"embeddable":true,"href":"https:\/\/www.escolasdesoure.pt\/web\/wp-json\/wp\/v2\/comments?post=29"}],"version-history":[{"count":1,"href":"https:\/\/www.escolasdesoure.pt\/web\/wp-json\/wp\/v2\/pages\/29\/revisions"}],"predecessor-version":[{"id":14569,"href":"https:\/\/www.escolasdesoure.pt\/web\/wp-json\/wp\/v2\/pages\/29\/revisions\/14569"}],"up":[{"embeddable":true,"href":"https:\/\/www.escolasdesoure.pt\/web\/wp-json\/wp\/v2\/pages\/14566"}],"wp:attachment":[{"href":"https:\/\/www.escolasdesoure.pt\/web\/wp-json\/wp\/v2\/media?parent=29"}],"curies":[{"name":"wp","href":"https:\/\/api.w.org\/{rel}","templated":true}]}}