{"id":2528,"date":"2010-10-26T22:27:57","date_gmt":"2010-10-26T21:27:57","guid":{"rendered":"http:\/\/www.escolasdesoure.pt\/web\/"},"modified":"2024-10-21T08:51:15","modified_gmt":"2024-10-21T07:51:15","slug":"constituicao","status":"publish","type":"page","link":"https:\/\/www.escolasdesoure.pt\/web\/alunos-e-pais\/apee\/constituicao\/","title":{"rendered":"Constitui\u00e7\u00e3o"},"content":{"rendered":"\n<p class=\"has-text-align-center\"><strong>Associa\u00e7\u00e3o de Pais e Encarregados de Educa\u00e7\u00e3o<\/strong><\/p>\n\n\n\n<p class=\"has-text-align-center\"><b>\u00d3rg\u00e3os<\/b><strong>&nbsp;e Composi\u00e7\u00e3o<\/strong><\/p>\n\n\n\n<iframe loading=\"lazy\" src=\"https:\/\/drive.google.com\/file\/d\/1UgcsSCLMnV5p8hiI33GS5WjRRVfq78Pw\/preview\" width=\"100%\" height=\"800\" allow=\"autoplay\"><\/iframe>\n","protected":false},"excerpt":{"rendered":"<p>Associa\u00e7\u00e3o de Pais e Encarregados de Educa\u00e7\u00e3o \u00d3rg\u00e3os&nbsp;e Composi\u00e7\u00e3o<\/p>\n","protected":false},"author":1,"featured_media":0,"parent":119,"menu_order":2,"comment_status":"closed","ping_status":"closed","template":"","meta":{"footnotes":""},"class_list":["post-2528","page","type-page","status-publish","hentry"],"_links":{"self":[{"href":"https:\/\/www.escolasdesoure.pt\/web\/wp-json\/wp\/v2\/pages\/2528","targetHints":{"allow":["GET"]}}],"collection":[{"href":"https:\/\/www.escolasdesoure.pt\/web\/wp-json\/wp\/v2\/pages"}],"about":[{"href":"https:\/\/www.escolasdesoure.pt\/web\/wp-json\/wp\/v2\/types\/page"}],"author":[{"embeddable":true,"href":"https:\/\/www.escolasdesoure.pt\/web\/wp-json\/wp\/v2\/users\/1"}],"replies":[{"embeddable":true,"href":"https:\/\/www.escolasdesoure.pt\/web\/wp-json\/wp\/v2\/comments?post=2528"}],"version-history":[{"count":21,"href":"https:\/\/www.escolasdesoure.pt\/web\/wp-json\/wp\/v2\/pages\/2528\/revisions"}],"predecessor-version":[{"id":19734,"href":"https:\/\/www.escolasdesoure.pt\/web\/wp-json\/wp\/v2\/pages\/2528\/revisions\/19734"}],"up":[{"embeddable":true,"href":"https:\/\/www.escolasdesoure.pt\/web\/wp-json\/wp\/v2\/pages\/119"}],"wp:attachment":[{"href":"https:\/\/www.escolasdesoure.pt\/web\/wp-json\/wp\/v2\/media?parent=2528"}],"curies":[{"name":"wp","href":"https:\/\/api.w.org\/{rel}","templated":true}]}}