{"id":203,"date":"2009-10-27T22:10:31","date_gmt":"2009-10-27T22:10:31","guid":{"rendered":"http:\/\/escolasdesoure.pt\/web\/?page_id=203"},"modified":"2025-09-11T11:33:23","modified_gmt":"2025-09-11T10:33:23","slug":"ca","status":"publish","type":"page","link":"https:\/\/www.escolasdesoure.pt\/web\/agrupamento\/orgaos\/ca\/","title":{"rendered":"Conselho Administrativo"},"content":{"rendered":"\n<figure class=\"wp-block-table is-style-stripes\"><table><tbody><tr><td>Diretora<\/td><td>Lu\u00edsa Pereirinha<\/td><\/tr><tr><td>Adjunto<\/td><td>Arlindo Ribeiro<\/td><\/tr><tr><td>Chefe dos Servi\u00e7os de Admin. Escolar<\/td><td>Cid\u00e1lia Centeio<\/td><\/tr><\/tbody><\/table><\/figure>\n","protected":false},"excerpt":{"rendered":"<p>Diretora Lu\u00edsa Pereirinha Adjunto Arlindo Ribeiro Chefe dos Servi\u00e7os de Admin. Escolar Cid\u00e1lia Centeio<\/p>\n","protected":false},"author":1,"featured_media":0,"parent":193,"menu_order":1,"comment_status":"closed","ping_status":"closed","template":"","meta":{"footnotes":""},"class_list":["post-203","page","type-page","status-publish","hentry"],"_links":{"self":[{"href":"https:\/\/www.escolasdesoure.pt\/web\/wp-json\/wp\/v2\/pages\/203","targetHints":{"allow":["GET"]}}],"collection":[{"href":"https:\/\/www.escolasdesoure.pt\/web\/wp-json\/wp\/v2\/pages"}],"about":[{"href":"https:\/\/www.escolasdesoure.pt\/web\/wp-json\/wp\/v2\/types\/page"}],"author":[{"embeddable":true,"href":"https:\/\/www.escolasdesoure.pt\/web\/wp-json\/wp\/v2\/users\/1"}],"replies":[{"embeddable":true,"href":"https:\/\/www.escolasdesoure.pt\/web\/wp-json\/wp\/v2\/comments?post=203"}],"version-history":[{"count":20,"href":"https:\/\/www.escolasdesoure.pt\/web\/wp-json\/wp\/v2\/pages\/203\/revisions"}],"predecessor-version":[{"id":21192,"href":"https:\/\/www.escolasdesoure.pt\/web\/wp-json\/wp\/v2\/pages\/203\/revisions\/21192"}],"up":[{"embeddable":true,"href":"https:\/\/www.escolasdesoure.pt\/web\/wp-json\/wp\/v2\/pages\/193"}],"wp:attachment":[{"href":"https:\/\/www.escolasdesoure.pt\/web\/wp-json\/wp\/v2\/media?parent=203"}],"curies":[{"name":"wp","href":"https:\/\/api.w.org\/{rel}","templated":true}]}}