{"id":20186,"date":"2025-01-16T11:48:55","date_gmt":"2025-01-16T11:48:55","guid":{"rendered":"https:\/\/www.escolasdesoure.pt\/web\/?page_id=20186"},"modified":"2025-02-18T14:20:41","modified_gmt":"2025-02-18T14:20:41","slug":"canal-de-denuncias","status":"publish","type":"page","link":"https:\/\/www.escolasdesoure.pt\/web\/agrupamento\/canal-de-denuncias\/","title":{"rendered":"Canal de Den\u00fancias"},"content":{"rendered":"\n<p class=\"has-text-align-center\"><strong>Corrup\u00e7\u00e3o e infra\u00e7\u00f5es conexas<\/strong> <\/p>\n\n\n\n<p>Qualquer <strong>situa\u00e7\u00e3o de corrup\u00e7\u00e3o e infra\u00e7\u00f5es conexas <\/strong>previstas no C\u00f3digo Penal e\/ou de viola\u00e7\u00e3o da Lei Geral de Trabalho em Fun\u00e7\u00f5es P\u00fablicas deve ser denunciada presencialmente ou atrav\u00e9s do email <a href=\"mailto:ppr@escolasdesoure.pt\">ppr@escolasdesoure.pt<\/a> \u00e0 diretora do Agrupamento.<\/p>\n\n\n\n<p>Qualquer <strong>situa\u00e7\u00e3o de corrup\u00e7\u00e3o e infra\u00e7\u00f5es conexas previstas<\/strong> no C\u00f3digo Penal e\/ou de<br \/>viola\u00e7\u00e3o da Lei Geral de Trabalho em Fun\u00e7\u00f5es P\u00fablicas deve ser denunciada <strong>presencialmente<\/strong><br \/>ou a<strong>trav\u00e9s do email ppr@escolasdesoure.pt<\/strong> \u00e0 diretora do Agrupamento ou, ainda, atrav\u00e9s de<br \/><strong>formul\u00e1rio <\/strong>dispon\u00edvel abaixo.<\/p>\n\n\n\n<iframe loading=\"lazy\" src=\"https:\/\/docs.google.com\/forms\/d\/e\/1FAIpQLSfageuNIyVX_C97MXA05ccVGj5zB2SO15I4Akt9jVGJdvDWFw\/viewform?embedded=true\" width=\"100%\" height=\"1388\" frameborder=\"0\" marginheight=\"0\" marginwidth=\"0\">A carregar\u2026<\/iframe>\n\n\n\n<p><\/p>\n","protected":false},"excerpt":{"rendered":"<p>Corrup\u00e7\u00e3o e infra\u00e7\u00f5es conexas Qualquer situa\u00e7\u00e3o de corrup\u00e7\u00e3o e infra\u00e7\u00f5es conexas previstas no C\u00f3digo Penal e\/ou de viola\u00e7\u00e3o da Lei Geral de Trabalho em Fun\u00e7\u00f5es<a href=\"https:\/\/www.escolasdesoure.pt\/web\/agrupamento\/canal-de-denuncias\/\" class=\"more-link\"><span class=\"screen-reader-text\"> &#8220;Canal de Den\u00fancias&#8221;<\/span><\/a><\/p>\n","protected":false},"author":1,"featured_media":0,"parent":550,"menu_order":0,"comment_status":"closed","ping_status":"closed","template":"","meta":{"footnotes":""},"class_list":["post-20186","page","type-page","status-publish","hentry"],"_links":{"self":[{"href":"https:\/\/www.escolasdesoure.pt\/web\/wp-json\/wp\/v2\/pages\/20186","targetHints":{"allow":["GET"]}}],"collection":[{"href":"https:\/\/www.escolasdesoure.pt\/web\/wp-json\/wp\/v2\/pages"}],"about":[{"href":"https:\/\/www.escolasdesoure.pt\/web\/wp-json\/wp\/v2\/types\/page"}],"author":[{"embeddable":true,"href":"https:\/\/www.escolasdesoure.pt\/web\/wp-json\/wp\/v2\/users\/1"}],"replies":[{"embeddable":true,"href":"https:\/\/www.escolasdesoure.pt\/web\/wp-json\/wp\/v2\/comments?post=20186"}],"version-history":[{"count":11,"href":"https:\/\/www.escolasdesoure.pt\/web\/wp-json\/wp\/v2\/pages\/20186\/revisions"}],"predecessor-version":[{"id":20399,"href":"https:\/\/www.escolasdesoure.pt\/web\/wp-json\/wp\/v2\/pages\/20186\/revisions\/20399"}],"up":[{"embeddable":true,"href":"https:\/\/www.escolasdesoure.pt\/web\/wp-json\/wp\/v2\/pages\/550"}],"wp:attachment":[{"href":"https:\/\/www.escolasdesoure.pt\/web\/wp-json\/wp\/v2\/media?parent=20186"}],"curies":[{"name":"wp","href":"https:\/\/api.w.org\/{rel}","templated":true}]}}