{"id":199,"date":"2009-10-27T22:09:29","date_gmt":"2009-10-27T22:09:29","guid":{"rendered":"http:\/\/escolasdesoure.pt\/web\/?page_id=199"},"modified":"2025-12-10T15:59:16","modified_gmt":"2025-12-10T15:59:16","slug":"cgeral","status":"publish","type":"page","link":"https:\/\/www.escolasdesoure.pt\/web\/agrupamento\/orgaos\/cg\/cgeral\/","title":{"rendered":"Constitui\u00e7\u00e3o"},"content":{"rendered":"\n<figure class=\"wp-block-table jstable is-style-stripes\"><table class=\"has-fixed-layout\"><tbody><tr><td><strong>REPRESENTANTES DO PESSOAL DOCENTE<\/strong><\/td><\/tr><tr><td>Fernando Cordeiro (Presidente)<\/td><\/tr><tr><td>S\u00edlvia Ramalho (Vice-Presidente)<\/td><\/tr><tr><td>\u00c2ngela Varela<\/td><\/tr><tr><td>Edite Lopes<\/td><\/tr><tr><td>Ana Oliveira<\/td><\/tr><tr><td>Maria Edite Lopes<\/td><\/tr><tr><td>Filipe Rolo<\/td><\/tr><tr><td><strong>REPRESENTANTES DO PESSOAL N\u00c3O DOCENTE<\/strong><\/td><\/tr><tr><td>Cid\u00e1lia Centeio<\/td><\/tr><tr><td>Anabela Mota<\/td><\/tr><tr><td><strong>REPRESENTANTES DOS ALUNOS<\/strong><\/td><\/tr><tr><td>Afonso Quaresma<\/td><\/tr><tr><td>Leonor Bento<\/td><\/tr><tr><td><strong>REPRESENTANTES DOS PAIS E ENCARREGADOS DE EDUCA\u00c7\u00c3O<\/strong><\/td><\/tr><tr><td>Ros\u00e1lia Mendes<\/td><\/tr><tr><td>Marcelino Melo<\/td><\/tr><tr><td>Olga Silva<\/td><\/tr><tr><td>T\u00e2nia Mota<\/td><\/tr><tr><td><strong>REPRESENTANTES DO MUNIC\u00cdPIO DE SOURE<\/strong><\/td><\/tr><tr><td>Rui Fernandes<\/td><\/tr><tr><td>Teresa Pedrosa<\/td><\/tr><tr><td>Lu\u00eds Redinha<\/td><\/tr><tr><td><strong>REPRESENTANTES DA COMUNIDADE LOCAL<\/strong><\/td><\/tr><tr><td>Cristina Cera (Centro de Sa\u00fade de Soure)<\/td><\/tr><tr><td>Ricardo Sim\u00f5es (Bombeiros Volunt\u00e1rios de Soure)<\/td><\/tr><tr><td>Jo\u00e3o Ramos Pereira (ADPCNSOURE)<\/td><\/tr><tr><td><strong>DIRETORA<\/strong><\/td><\/tr><tr><td>Lu\u00edsa Pereirinha<\/td><\/tr><\/tbody><\/table><\/figure>\n","protected":false},"excerpt":{"rendered":"<p>REPRESENTANTES DO PESSOAL DOCENTE Fernando Cordeiro (Presidente) S\u00edlvia Ramalho (Vice-Presidente) \u00c2ngela Varela Edite Lopes Ana Oliveira Maria Edite Lopes Filipe Rolo REPRESENTANTES DO PESSOAL N\u00c3O<a href=\"https:\/\/www.escolasdesoure.pt\/web\/agrupamento\/orgaos\/cg\/cgeral\/\" class=\"more-link\"><span class=\"screen-reader-text\"> &#8220;Constitui\u00e7\u00e3o&#8221;<\/span><\/a><\/p>\n","protected":false},"author":1,"featured_media":0,"parent":11668,"menu_order":1,"comment_status":"closed","ping_status":"closed","template":"","meta":{"footnotes":""},"class_list":["post-199","page","type-page","status-publish","hentry"],"_links":{"self":[{"href":"https:\/\/www.escolasdesoure.pt\/web\/wp-json\/wp\/v2\/pages\/199","targetHints":{"allow":["GET"]}}],"collection":[{"href":"https:\/\/www.escolasdesoure.pt\/web\/wp-json\/wp\/v2\/pages"}],"about":[{"href":"https:\/\/www.escolasdesoure.pt\/web\/wp-json\/wp\/v2\/types\/page"}],"author":[{"embeddable":true,"href":"https:\/\/www.escolasdesoure.pt\/web\/wp-json\/wp\/v2\/users\/1"}],"replies":[{"embeddable":true,"href":"https:\/\/www.escolasdesoure.pt\/web\/wp-json\/wp\/v2\/comments?post=199"}],"version-history":[{"count":37,"href":"https:\/\/www.escolasdesoure.pt\/web\/wp-json\/wp\/v2\/pages\/199\/revisions"}],"predecessor-version":[{"id":21655,"href":"https:\/\/www.escolasdesoure.pt\/web\/wp-json\/wp\/v2\/pages\/199\/revisions\/21655"}],"up":[{"embeddable":true,"href":"https:\/\/www.escolasdesoure.pt\/web\/wp-json\/wp\/v2\/pages\/11668"}],"wp:attachment":[{"href":"https:\/\/www.escolasdesoure.pt\/web\/wp-json\/wp\/v2\/media?parent=199"}],"curies":[{"name":"wp","href":"https:\/\/api.w.org\/{rel}","templated":true}]}}