{"id":16907,"date":"2022-09-29T09:35:52","date_gmt":"2022-09-29T08:35:52","guid":{"rendered":"https:\/\/www.escolasdesoure.pt\/web\/?page_id=16907"},"modified":"2023-11-22T21:17:13","modified_gmt":"2023-11-22T21:17:13","slug":"questionarios-eqavet","status":"publish","type":"page","link":"https:\/\/www.escolasdesoure.pt\/web\/eqavet\/questionarios-eqavet\/","title":{"rendered":"Question\u00e1rios"},"content":{"rendered":"\n<p><strong>EMPRESAS<\/strong><\/p>\n\n\n\n<ul class=\"wp-block-list\">\n<li><strong>Forma\u00e7\u00e3o em Contexto de Trabalho (FCT)<\/strong>\n<ul class=\"wp-block-list\">\n<li><a href=\"https:\/\/docs.google.com\/forms\/d\/e\/1FAIpQLSeD0E4EozK-smII-VqOatKZU-zSI5hmwJshnlmNezB5isyM-A\/viewform?usp=sf_link\" target=\"_blank\" rel=\"noreferrer noopener\">Satisfa\u00e7\u00e3o das Entidades de Acolhimento da FCT<\/a><\/li>\n\n\n\n<li><a href=\"https:\/\/docs.google.com\/forms\/d\/e\/1FAIpQLSckjg0o-XOWLLt-rHVyXdLuvvhnVntsZSMNu7nEvy2_geVT2w\/viewform?usp=sf_link\" target=\"_blank\" rel=\"noreferrer noopener\">Satisfa\u00e7\u00e3o dos Tutores da FCT<\/a><\/li>\n<\/ul>\n<\/li>\n\n\n\n<li><a href=\"https:\/\/docs.google.com\/forms\/d\/e\/1FAIpQLSf8WPhZ_uckpzijRahLm4jxhMsVV-gkVGE1W0uSpUQ2CsKokA\/viewform?usp=sf_link\" target=\"_blank\" rel=\"noreferrer noopener\">Satisfa\u00e7\u00e3o dos Empregadores<\/a><\/li>\n<\/ul>\n\n\n\n<p><\/p>\n\n\n\n<p><strong>EX-ALUNOS<\/strong><\/p>\n\n\n\n<ul class=\"wp-block-list\">\n<li><a href=\"https:\/\/docs.google.com\/forms\/d\/e\/1FAIpQLSdXd9XIHeCYLIyQkQhMzSK1mPkXlp2kqXJcSiCrudZd8EeBrQ\/viewform?usp=sf_link\" target=\"_blank\" rel=\"noreferrer noopener\">Situa\u00e7\u00e3o ap\u00f3s conclus\u00e3o do curso<\/a><\/li>\n<\/ul>\n","protected":false},"excerpt":{"rendered":"<p>EMPRESAS EX-ALUNOS<\/p>\n","protected":false},"author":1,"featured_media":0,"parent":14267,"menu_order":0,"comment_status":"closed","ping_status":"closed","template":"","meta":{"footnotes":""},"class_list":["post-16907","page","type-page","status-publish","hentry"],"_links":{"self":[{"href":"https:\/\/www.escolasdesoure.pt\/web\/wp-json\/wp\/v2\/pages\/16907","targetHints":{"allow":["GET"]}}],"collection":[{"href":"https:\/\/www.escolasdesoure.pt\/web\/wp-json\/wp\/v2\/pages"}],"about":[{"href":"https:\/\/www.escolasdesoure.pt\/web\/wp-json\/wp\/v2\/types\/page"}],"author":[{"embeddable":true,"href":"https:\/\/www.escolasdesoure.pt\/web\/wp-json\/wp\/v2\/users\/1"}],"replies":[{"embeddable":true,"href":"https:\/\/www.escolasdesoure.pt\/web\/wp-json\/wp\/v2\/comments?post=16907"}],"version-history":[{"count":5,"href":"https:\/\/www.escolasdesoure.pt\/web\/wp-json\/wp\/v2\/pages\/16907\/revisions"}],"predecessor-version":[{"id":18424,"href":"https:\/\/www.escolasdesoure.pt\/web\/wp-json\/wp\/v2\/pages\/16907\/revisions\/18424"}],"up":[{"embeddable":true,"href":"https:\/\/www.escolasdesoure.pt\/web\/wp-json\/wp\/v2\/pages\/14267"}],"wp:attachment":[{"href":"https:\/\/www.escolasdesoure.pt\/web\/wp-json\/wp\/v2\/media?parent=16907"}],"curies":[{"name":"wp","href":"https:\/\/api.w.org\/{rel}","templated":true}]}}