{"id":158,"date":"2009-10-15T13:34:19","date_gmt":"2009-10-15T13:34:19","guid":{"rendered":"http:\/\/escolasdesoure.pt\/web\/?page_id=158"},"modified":"2026-04-15T07:43:36","modified_gmt":"2026-04-15T06:43:36","slug":"1ceb","status":"publish","type":"page","link":"https:\/\/www.escolasdesoure.pt\/web\/agrupamento\/escolas\/1ceb\/","title":{"rendered":"Escolas B\u00e1s. 1\u00ba Ciclo"},"content":{"rendered":"\n<figure class=\"wp-block-table aligncenter\"><table class=\"has-fixed-layout\"><tbody><tr><td><figure><img decoding=\"async\" src=\"http:\/\/escolasdesoure.pt\/web\/wp-content\/uploads\/2009\/10\/eb1alfarelos.png\" alt=\"Escola B\u00e1sica de Alfarelos\" width=\"227\" height=\"151\"\/><\/figure><\/td><td><strong>Escola B\u00e1sica de Alfarelos<\/strong><br \/>\nC\u00f3digo: 202137<br \/>\nMorada: Escola B\u00e1sica de Alfarelos<br \/>\n3130-001 Alfarelos<br \/>\nTelefone: 239 644 716<br \/>\nEmail: eb1alfarelos@escolasdesoure.pt<\/td><\/tr><tr><td><figure><img decoding=\"async\" src=\"http:\/\/www.escolasdesoure.pt\/web\/wp-content\/uploads\/2009\/10\/jidegracias.jpg\" alt=\"jidegracias\" width=\"228\" height=\"139\"\/><\/figure><\/td><td><strong>Escola B\u00e1sica de Degracias<\/strong><br \/>\nC\u00f3digo: 219289<br \/>\nMorada: Escola B\u00e1sica de Degracias<br \/>\n3130-022 Degracias<br \/>\nTelefone: 239 911 125<br \/>\nEmail: eb1cotasdegracias@escolasdesoure.pt<\/td><\/tr><tr><td><figure><img decoding=\"async\" src=\"http:\/\/escolasdesoure.pt\/web\/wp-content\/uploads\/2009\/10\/eb1figueirodocampo.png\" alt=\"Escola B\u00e1sica de Figueir\u00f3 do Campo\" width=\"227\" height=\"151\"\/><\/figure><\/td><td><strong>Escola B\u00e1sica de Figueir\u00f3 do Campo<\/strong><br \/>\nC\u00f3digo:&nbsp;222689<br \/>\nMorada: Escola B\u00e1sica de Figueir\u00f3 do Campo<br \/>\n<span style=\"line-height: 19px;\">3130-040 Figueir\u00f3 do Campo<\/span><br \/>\nTelefone: 239 644 726<br \/>\nEmail: eb1figueirodocampo@escolasdesoure.pt<\/td><\/tr><tr><td><figure><img decoding=\"async\" src=\"http:\/\/escolasdesoure.pt\/web\/wp-content\/uploads\/2009\/10\/eb1gesteira.png\" alt=\"Escola B\u00e1sica de Gesteira\" width=\"227\" height=\"151\"\/><\/figure><\/td><td><strong>Escola B\u00e1sica de&nbsp;Gesteira<\/strong><br \/>\nC\u00f3digo:&nbsp;225253<br \/>\nMorada: Escola B\u00e1sica de Gesteira<br \/>\n3130-062 Gesteira<br \/>\nTelefone: 239 509 042<br \/>\nEmail: eb1gesteira@escolasdesoure.pt<\/td><\/tr><tr><td><figure><img decoding=\"async\" src=\"http:\/\/www.escolasdesoure.pt\/web\/wp-content\/uploads\/2009\/10\/jigranjaulmeiro.jpg\" alt=\"jigranjaulmeiro\" width=\"228\" height=\"146\"\/><\/figure><\/td><td><strong>Escola B\u00e1sica de Granja do Ulmeiro<\/strong><br \/>\nC\u00f3digo:&nbsp;226117<br \/>\nMorada: Escola B\u00e1sica de Granja do Ulmeiro<br \/>\n3130-080 Granja do Ulmeiro<br \/>\nTelefone: 239 644 727<br \/>\nEmail: eb1granjadoulmeiro@escolasdesoure.pt<\/td><\/tr><tr><td><figure><img decoding=\"async\" src=\"http:\/\/www.escolasdesoure.pt\/web\/wp-content\/uploads\/2009\/10\/jimarco.jpg\" alt=\"jimarco\" width=\"228\" height=\"144\"\/><\/figure><\/td><td><strong>Escola B\u00e1sica de Marco<\/strong><br \/>\nC\u00f3digo:&nbsp;231334<br \/>\nMorada: Escola B\u00e1sica de Marco<br \/>\n3130-119 Samuel<br \/>\nTelefone: 239 508 481<br \/>\nEmail: eb1marco@escolasdesoure.pt<\/td><\/tr><tr><td><figure><img decoding=\"async\" src=\"http:\/\/www.escolasdesoure.pt\/web\/wp-content\/uploads\/2009\/10\/eb12soure1.jpg\" alt=\"eb1,2soure\" width=\"227\" height=\"74\"\/><\/figure><\/td><td><strong>Escola B\u00e1sica de Soure <\/strong><br \/>\nC\u00f3digo:&nbsp;400350<br \/>\nMorada: Escola B\u00e1sica de Soure<br \/>\nEncosta do Sol<br \/>\n3130-255 Soure<br \/>\nTelefone \u2013&nbsp;239 506 480<br \/>\nFax \u2013 239509818<br \/>\nEmail \u2013 eb12soure@escolasdesoure.pt<\/td><\/tr><tr><td><figure><img decoding=\"async\" src=\"http:\/\/escolasdesoure.pt\/web\/wp-content\/uploads\/2009\/10\/eb1sobral.png\" alt=\"EB1 Sobral\" width=\"227\" height=\"151\"\/><\/figure><\/td><td><strong>Escola B\u00e1sica&nbsp;de Sobral<\/strong><br \/>\nC\u00f3digo:&nbsp;275530<br \/>\nMorada: Escola B\u00e1sica de Sobral<br \/>\nSobral de Baixo<br \/>\n3130-548 Soure<br \/>\nTelefone: 239 501 578<br \/>\nEmail: eb1sobral@escolasdesoure.pt<\/td><\/tr><tr><td><figure><img decoding=\"async\" src=\"http:\/\/escolasdesoure.pt\/web\/wp-content\/uploads\/2009\/10\/eb1tapeus.png\" alt=\"Escola B\u00e1sica de Tapeus\" width=\"227\" height=\"151\"\/><\/figure><\/td><td><strong>Escola B\u00e1sica&nbsp;de Tapeus<\/strong><br \/>\nC\u00f3digo:&nbsp;277745<br \/>\nMorada: Escola B\u00e1sica de Tapeus<br \/>\n3130-387 Tapeus<br \/>\nTelefone: 236 912 063<br \/>\nEmail: eb1tapeus@escolasdesoure.pt<\/td><\/tr><tr><td><figure><img decoding=\"async\" src=\"http:\/\/escolasdesoure.pt\/web\/wp-content\/uploads\/2009\/10\/eb1vilanovadeancos.png\" alt=\"Escola B\u00e1sica de Vila Nova de An\u00e7os\" width=\"227\" height=\"151\"\/><\/figure><\/td><td><strong>Escola B\u00e1sica&nbsp;de Vila Nova de An\u00e7os<\/strong><br \/>\nC\u00f3digo:&nbsp;284038<br \/>\nMorada: Escola B\u00e1sica de Vila Nova de An\u00e7os<br \/>\nVila Nova de An\u00e7os<br \/>\n3130-400 Vila Nova de An\u00e7os<br \/>\nTelefone: 239 641 732<br \/>\nEmail: eb1vilanovadeancos@escolasdesoure.pt<\/td><\/tr><tr><td><figure><img decoding=\"async\" src=\"http:\/\/escolasdesoure.pt\/web\/wp-content\/uploads\/2009\/10\/eb1vinhadarainha.png\" alt=\"Escola B\u00e1sica de Vinha da Rainha\" width=\"227\" height=\"151\"\/><\/figure><\/td><td><strong>Escola B\u00e1sica de&nbsp;Vinha da Rainha<\/strong><br \/>\nC\u00f3digo:&nbsp;285468<br \/>\nMorada: Escola B\u00e1sica de Vinha da Rainha<br \/>\nVinha da Rainha<br \/>\n3130-433 Vinha da Rainha<br \/>\nTelefone: 239 508 476<br \/>\nEmail: eb1vinhadarainha@escolasdesoure.pt<\/td><\/tr><\/tbody><\/table><\/figure>\n","protected":false},"excerpt":{"rendered":"<p>Escola B\u00e1sica de Alfarelos C\u00f3digo: 202137 Morada: Escola B\u00e1sica de Alfarelos 3130-001 Alfarelos Telefone: 239 644 716 Email: eb1alfarelos@escolasdesoure.pt Escola B\u00e1sica de Degracias C\u00f3digo: 219289<a href=\"https:\/\/www.escolasdesoure.pt\/web\/agrupamento\/escolas\/1ceb\/\" class=\"more-link\"><span class=\"screen-reader-text\"> &#8220;Escolas B\u00e1s. 1\u00ba Ciclo&#8221;<\/span><\/a><\/p>\n","protected":false},"author":1,"featured_media":0,"parent":3,"menu_order":2,"comment_status":"closed","ping_status":"closed","template":"","meta":{"footnotes":""},"class_list":["post-158","page","type-page","status-publish","hentry"],"_links":{"self":[{"href":"https:\/\/www.escolasdesoure.pt\/web\/wp-json\/wp\/v2\/pages\/158","targetHints":{"allow":["GET"]}}],"collection":[{"href":"https:\/\/www.escolasdesoure.pt\/web\/wp-json\/wp\/v2\/pages"}],"about":[{"href":"https:\/\/www.escolasdesoure.pt\/web\/wp-json\/wp\/v2\/types\/page"}],"author":[{"embeddable":true,"href":"https:\/\/www.escolasdesoure.pt\/web\/wp-json\/wp\/v2\/users\/1"}],"replies":[{"embeddable":true,"href":"https:\/\/www.escolasdesoure.pt\/web\/wp-json\/wp\/v2\/comments?post=158"}],"version-history":[{"count":30,"href":"https:\/\/www.escolasdesoure.pt\/web\/wp-json\/wp\/v2\/pages\/158\/revisions"}],"predecessor-version":[{"id":22173,"href":"https:\/\/www.escolasdesoure.pt\/web\/wp-json\/wp\/v2\/pages\/158\/revisions\/22173"}],"up":[{"embeddable":true,"href":"https:\/\/www.escolasdesoure.pt\/web\/wp-json\/wp\/v2\/pages\/3"}],"wp:attachment":[{"href":"https:\/\/www.escolasdesoure.pt\/web\/wp-json\/wp\/v2\/media?parent=158"}],"curies":[{"name":"wp","href":"https:\/\/api.w.org\/{rel}","templated":true}]}}