{"id":14893,"date":"2021-04-29T18:36:42","date_gmt":"2021-04-29T17:36:42","guid":{"rendered":"https:\/\/www.escolasdesoure.pt\/web\/?page_id=14893"},"modified":"2021-04-29T18:36:42","modified_gmt":"2021-04-29T17:36:42","slug":"padde","status":"publish","type":"page","link":"https:\/\/www.escolasdesoure.pt\/web\/padde\/","title":{"rendered":"PADDE"},"content":{"rendered":"<p><img decoding=\"async\" class=\"aligncenter size-full wp-image-14879\" src=\"https:\/\/www.escolasdesoure.pt\/web\/wp-content\/uploads\/2021\/04\/padde.jpg\" alt=\"\" width=\"900\" height=\"294\" srcset=\"https:\/\/www.escolasdesoure.pt\/web\/wp-content\/uploads\/2021\/04\/padde.jpg 900w, https:\/\/www.escolasdesoure.pt\/web\/wp-content\/uploads\/2021\/04\/padde-300x98.jpg 300w, https:\/\/www.escolasdesoure.pt\/web\/wp-content\/uploads\/2021\/04\/padde-768x251.jpg 768w\" sizes=\"(max-width: 900px) 100vw, 900px\" \/><\/p>\n<h4 style=\"text-align: center;\"><span style=\"color: #808080;\"><strong>PLANO DE A\u00c7\u00c3O PARA A TRANSI\u00c7\u00c3O DIGITAL DA ESCOLA<\/strong><\/span><\/h4>\n<table>\n<tbody>\n<tr>\n<td width=\"40px\"><a href=\"https:\/\/drive.google.com\/file\/d\/1o4TemoLWOSo8a_5Gl3DA5UfrrglB7E5F\/view?usp=sharing\" target=\"_blank\" rel=\"noopener\"><img decoding=\"async\" class=\"alignnone\" src=\"http:\/\/www.escolasdesoure.pt\/web\/wp-content\/uploads\/2016\/03\/pdf.png\" alt=\"pdf\" width=\"32\" height=\"32\" \/><\/a><\/td>\n<td><strong>Informa\u00e7\u00e3o n.\u00ba 1:<\/strong> O Plano de A\u00e7\u00e3o para o Desenvolvimento Digital da Escola<\/td>\n<\/tr>\n<tr>\n<td><a href=\"https:\/\/drive.google.com\/file\/d\/16nbg29t5n0KeyyKuF3UTg-ketvBkGIDb\/view?usp=sharing\" target=\"_blank\" rel=\"noopener\"><img decoding=\"async\" class=\"alignnone\" src=\"http:\/\/www.escolasdesoure.pt\/web\/wp-content\/uploads\/2016\/03\/pdf.png\" alt=\"pdf\" width=\"32\" height=\"32\" \/><\/a><\/td>\n<td><strong>Informa\u00e7\u00e3o n.\u00ba 2:<\/strong> Vamos tirar uma SELFIE!<\/td>\n<\/tr>\n<tr>\n<td><a href=\"https:\/\/drive.google.com\/file\/d\/1HtBWJH0oQJpGlN7u_0Sj834YhgVxttn6\/view?usp=sharing\" target=\"_blank\" rel=\"noopener\"><img decoding=\"async\" class=\"alignnone\" src=\"http:\/\/www.escolasdesoure.pt\/web\/wp-content\/uploads\/2016\/03\/pdf.png\" alt=\"pdf\" width=\"32\" height=\"32\" \/><\/a><\/td>\n<td><strong>Informa\u00e7\u00e3o n.\u00ba 3:<\/strong> Cronograma<\/td>\n<\/tr>\n<\/tbody>\n<\/table>\n<h6 style=\"text-align: center;\"><strong>O QUE \u00c9 A SELFIE?<\/strong><\/h6>\n<p><iframe loading=\"lazy\" src=\"https:\/\/drive.google.com\/file\/d\/1ibwHoRWpsZcZ7DNiKlI0-BQPfW2K9QoT\/preview\" width=\"100%\" height=\"480\"><\/iframe><\/p>\n<h6 style=\"text-align: center;\"><strong>GUIA PARA PROFESSORES<\/strong><\/h6>\n<p><iframe loading=\"lazy\" src=\"https:\/\/drive.google.com\/file\/d\/1wUMR8ck7rjSASSHcg4bxnvCeFzJ_ozrS\/preview\" width=\"100%\" height=\"480\"><\/iframe><\/p>\n<h6 style=\"text-align: center;\"><strong>GUIA PARA ALUNOS<\/strong><\/h6>\n<p><iframe loading=\"lazy\" src=\"https:\/\/drive.google.com\/file\/d\/1Um2qnJz4lCy1ycfyvymhX31YADbWdFEO\/preview\" width=\"100%\" height=\"480\"><\/iframe><\/p>\n","protected":false},"excerpt":{"rendered":"<p>PLANO DE A\u00c7\u00c3O PARA A TRANSI\u00c7\u00c3O DIGITAL DA ESCOLA Informa\u00e7\u00e3o n.\u00ba 1: O Plano de A\u00e7\u00e3o para o Desenvolvimento Digital da Escola Informa\u00e7\u00e3o n.\u00ba 2:<a href=\"https:\/\/www.escolasdesoure.pt\/web\/padde\/\" class=\"more-link\"><span class=\"screen-reader-text\"> &#8220;PADDE&#8221;<\/span><\/a><\/p>\n","protected":false},"author":1,"featured_media":0,"parent":0,"menu_order":0,"comment_status":"closed","ping_status":"closed","template":"","meta":{"footnotes":""},"class_list":["post-14893","page","type-page","status-publish","hentry"],"_links":{"self":[{"href":"https:\/\/www.escolasdesoure.pt\/web\/wp-json\/wp\/v2\/pages\/14893","targetHints":{"allow":["GET"]}}],"collection":[{"href":"https:\/\/www.escolasdesoure.pt\/web\/wp-json\/wp\/v2\/pages"}],"about":[{"href":"https:\/\/www.escolasdesoure.pt\/web\/wp-json\/wp\/v2\/types\/page"}],"author":[{"embeddable":true,"href":"https:\/\/www.escolasdesoure.pt\/web\/wp-json\/wp\/v2\/users\/1"}],"replies":[{"embeddable":true,"href":"https:\/\/www.escolasdesoure.pt\/web\/wp-json\/wp\/v2\/comments?post=14893"}],"version-history":[{"count":1,"href":"https:\/\/www.escolasdesoure.pt\/web\/wp-json\/wp\/v2\/pages\/14893\/revisions"}],"predecessor-version":[{"id":14894,"href":"https:\/\/www.escolasdesoure.pt\/web\/wp-json\/wp\/v2\/pages\/14893\/revisions\/14894"}],"wp:attachment":[{"href":"https:\/\/www.escolasdesoure.pt\/web\/wp-json\/wp\/v2\/media?parent=14893"}],"curies":[{"name":"wp","href":"https:\/\/api.w.org\/{rel}","templated":true}]}}