{"id":14469,"date":"1924-01-29T13:45:00","date_gmt":"1924-01-29T13:45:00","guid":{"rendered":"https:\/\/www.escolasdesoure.pt\/web\/?page_id=14469"},"modified":"2024-04-25T10:02:34","modified_gmt":"2024-04-25T09:02:34","slug":"monitorizacao-de-resultados","status":"publish","type":"page","link":"https:\/\/www.escolasdesoure.pt\/web\/eqavet\/monitorizacao-de-resultados\/","title":{"rendered":"Monitoriza\u00e7\u00e3o de resultados"},"content":{"rendered":"\n<figure class=\"wp-block-table is-style-stripes jstable\"><table><tbody><tr><td><a href=\"https:\/\/drive.google.com\/file\/d\/19vhYgiOphcryk4dBhI2KOu_P5NcS12-j\/view?usp=sharing\" target=\"_blank\" rel=\"noopener noreferrer\"><img decoding=\"async\" class=\"alignnone\" src=\"http:\/\/www.escolasdesoure.pt\/web\/wp-content\/uploads\/2016\/03\/pdf.png\" alt=\"pdf\" width=\"32\" height=\"32\"\/><\/a><\/td><td>Ciclo de forma\u00e7\u00e3o 2013-2016<\/td><\/tr><tr><td><a href=\"https:\/\/drive.google.com\/file\/d\/1aGAxb_mVcsaYd6I1lJpsuoOHD6aeZoYL\/view?usp=sharing\" target=\"_blank\" rel=\"noopener noreferrer\"><img decoding=\"async\" class=\"alignnone\" src=\"http:\/\/www.escolasdesoure.pt\/web\/wp-content\/uploads\/2016\/03\/pdf.png\" alt=\"pdf\" width=\"32\" height=\"32\"\/><\/a><\/td><td>Ciclo de forma\u00e7\u00e3o 2014-2017<\/td><\/tr><tr><td><a href=\"https:\/\/drive.google.com\/file\/d\/1XZ-aLdUWHvcMG29dlgVOSKvD5SvavrR0\/view?usp=sharing\" target=\"_blank\" rel=\"noopener noreferrer\"><img decoding=\"async\" class=\"alignnone\" src=\"http:\/\/www.escolasdesoure.pt\/web\/wp-content\/uploads\/2016\/03\/pdf.png\" alt=\"pdf\" width=\"32\" height=\"32\"\/><\/a><\/td><td>Ciclo de forma\u00e7\u00e3o 2015-2018<\/td><\/tr><tr><td><a href=\"https:\/\/drive.google.com\/file\/d\/16Al0_bRhEF6VtunmnY6BNMY9uUmejLb6\/view?usp=sharing\" target=\"_blank\" rel=\"noopener noreferrer\"><img decoding=\"async\" class=\"alignnone\" src=\"http:\/\/www.escolasdesoure.pt\/web\/wp-content\/uploads\/2016\/03\/pdf.png\" alt=\"pdf\" width=\"32\" height=\"32\"\/><\/a><\/td><td>Ciclo de forma\u00e7\u00e3o 2016-2019<\/td><\/tr><tr><td><a href=\"https:\/\/drive.google.com\/file\/d\/1UkHudWB6SRJjzagt17KxlZ1Fpw-yJqkB\/view?usp=drive_link\" target=\"_blank\" rel=\"noreferrer noopener\"><img decoding=\"async\" width=\"32\" height=\"32\" class=\"alignnone\" src=\"http:\/\/www.escolasdesoure.pt\/web\/wp-content\/uploads\/2016\/03\/pdf.png\" alt=\"pdf\"\/><\/a><\/td><td>Ciclo de forma\u00e7\u00e3o 2017-2020<\/td><\/tr><tr><td><a href=\"https:\/\/drive.google.com\/file\/d\/1K4HZinuK_oC7VoTwSRLKnWPYRg8QrOQP\/view?usp=drive_link\" target=\"_blank\" rel=\"noreferrer noopener\"><img decoding=\"async\" width=\"32\" height=\"32\" class=\"alignnone\" src=\"http:\/\/www.escolasdesoure.pt\/web\/wp-content\/uploads\/2016\/03\/pdf.png\" alt=\"pdf\"\/><\/a><\/td><td>Ciclo de forma\u00e7\u00e3o 2018-2021<\/td><\/tr><tr><td><a href=\"https:\/\/drive.google.com\/file\/d\/1y3Qrn7UhsJDdPK4DBwMJfapBOLQ_c1X_\/view?usp=drive_link\" target=\"_blank\" rel=\"noreferrer noopener\"><img decoding=\"async\" width=\"32\" height=\"32\" class=\"alignnone\" src=\"http:\/\/www.escolasdesoure.pt\/web\/wp-content\/uploads\/2016\/03\/pdf.png\" alt=\"pdf\"\/><\/a><\/td><td>Ciclo de forma\u00e7\u00e3o 2019-2022<\/td><\/tr><\/tbody><\/table><\/figure>\n","protected":false},"excerpt":{"rendered":"<p>Ciclo de forma\u00e7\u00e3o 2013-2016 Ciclo de forma\u00e7\u00e3o 2014-2017 Ciclo de forma\u00e7\u00e3o 2015-2018 Ciclo de forma\u00e7\u00e3o 2016-2019 Ciclo de forma\u00e7\u00e3o 2017-2020 Ciclo de forma\u00e7\u00e3o 2018-2021 Ciclo<a href=\"https:\/\/www.escolasdesoure.pt\/web\/eqavet\/monitorizacao-de-resultados\/\" class=\"more-link\"><span class=\"screen-reader-text\"> &#8220;Monitoriza\u00e7\u00e3o de resultados&#8221;<\/span><\/a><\/p>\n","protected":false},"author":1,"featured_media":0,"parent":14267,"menu_order":0,"comment_status":"closed","ping_status":"closed","template":"","meta":{"footnotes":""},"class_list":["post-14469","page","type-page","status-publish","hentry"],"_links":{"self":[{"href":"https:\/\/www.escolasdesoure.pt\/web\/wp-json\/wp\/v2\/pages\/14469","targetHints":{"allow":["GET"]}}],"collection":[{"href":"https:\/\/www.escolasdesoure.pt\/web\/wp-json\/wp\/v2\/pages"}],"about":[{"href":"https:\/\/www.escolasdesoure.pt\/web\/wp-json\/wp\/v2\/types\/page"}],"author":[{"embeddable":true,"href":"https:\/\/www.escolasdesoure.pt\/web\/wp-json\/wp\/v2\/users\/1"}],"replies":[{"embeddable":true,"href":"https:\/\/www.escolasdesoure.pt\/web\/wp-json\/wp\/v2\/comments?post=14469"}],"version-history":[{"count":6,"href":"https:\/\/www.escolasdesoure.pt\/web\/wp-json\/wp\/v2\/pages\/14469\/revisions"}],"predecessor-version":[{"id":19151,"href":"https:\/\/www.escolasdesoure.pt\/web\/wp-json\/wp\/v2\/pages\/14469\/revisions\/19151"}],"up":[{"embeddable":true,"href":"https:\/\/www.escolasdesoure.pt\/web\/wp-json\/wp\/v2\/pages\/14267"}],"wp:attachment":[{"href":"https:\/\/www.escolasdesoure.pt\/web\/wp-json\/wp\/v2\/media?parent=14469"}],"curies":[{"name":"wp","href":"https:\/\/api.w.org\/{rel}","templated":true}]}}