{"id":12037,"date":"2019-03-28T09:24:20","date_gmt":"2019-03-28T09:24:20","guid":{"rendered":"https:\/\/www.escolasdesoure.pt\/web\/?page_id=12037"},"modified":"2022-02-09T17:54:32","modified_gmt":"2022-02-09T17:54:32","slug":"plano-de-seguranca","status":"publish","type":"page","link":"https:\/\/www.escolasdesoure.pt\/web\/documentos\/plano-de-seguranca\/","title":{"rendered":"Plano de Seguran\u00e7a"},"content":{"rendered":"\n<figure class=\"wp-block-table is-style-stripes jstable\"><table><tbody><tr><td><a href=\"https:\/\/drive.google.com\/file\/d\/1sIuLCOlq0sqAmGBM2nIXJ2bdxbDU-wui\/view?usp=sharing\"><img decoding=\"async\" src=\"http:\/\/www.escolasdesoure.pt\/web\/wp-content\/uploads\/2016\/03\/pdf.png\" alt=\"pdf\" width=\"32\" height=\"32\"\/><\/a><\/td><td>Plano de Emerg\u00eancia e Evacua\u00e7\u00e3o (Escola B\u00e1sica)<\/td><\/tr><tr><td><a href=\"https:\/\/drive.google.com\/file\/d\/1nd05qZOaLMkYQstAYIJNnpt9jXaYeFhs\/view?usp=sharing\"><img decoding=\"async\" src=\"http:\/\/www.escolasdesoure.pt\/web\/wp-content\/uploads\/2016\/03\/pdf.png\" alt=\"pdf\" width=\"32\" height=\"32\"\/><\/a><\/td><td>Folheto &#8211; Plano de Evacua\u00e7\u00e3o (Escola B\u00e1sica)<\/td><\/tr><tr><td><a href=\"https:\/\/drive.google.com\/file\/d\/1BraPoMIjG-dJR4rFM8me-3cLN-5k1m55\/view?usp=sharing\"><img decoding=\"async\" src=\"http:\/\/www.escolasdesoure.pt\/web\/wp-content\/uploads\/2016\/03\/pdf.png\" alt=\"pdf\" width=\"32\" height=\"32\"\/><\/a><\/td><td>Plano de Emerg\u00eancia e Evacua\u00e7\u00e3o (Escola Secund\u00e1ria Martinho \u00c1rias)<\/td><\/tr><tr><td><a href=\"https:\/\/drive.google.com\/file\/d\/1ZHsQYArbwT5eGlgkrMIZBaSxiG4MIk49\/view?usp=sharing\"><img decoding=\"async\" src=\"https:\/\/www.escolasdesoure.pt\/web\/wp-content\/uploads\/2016\/03\/pdf.png\" alt=\"pdf\" width=\"32\" height=\"32\"\/><\/a><\/td><td>Folheto &#8211; Plano de Evacua\u00e7\u00e3o (Escola Secund\u00e1ria Martinho \u00c1rias)<\/td><\/tr><\/tbody><\/table><\/figure>\n","protected":false},"excerpt":{"rendered":"<p>Plano de Emerg\u00eancia e Evacua\u00e7\u00e3o (Escola B\u00e1sica) Folheto &#8211; Plano de Evacua\u00e7\u00e3o (Escola B\u00e1sica) Plano de Emerg\u00eancia e Evacua\u00e7\u00e3o (Escola Secund\u00e1ria Martinho \u00c1rias) Folheto &#8211;<a href=\"https:\/\/www.escolasdesoure.pt\/web\/documentos\/plano-de-seguranca\/\" class=\"more-link\"><span class=\"screen-reader-text\"> &#8220;Plano de Seguran\u00e7a&#8221;<\/span><\/a><\/p>\n","protected":false},"author":1,"featured_media":12107,"parent":11646,"menu_order":4,"comment_status":"closed","ping_status":"closed","template":"","meta":{"footnotes":""},"class_list":["post-12037","page","type-page","status-publish","has-post-thumbnail","hentry"],"_links":{"self":[{"href":"https:\/\/www.escolasdesoure.pt\/web\/wp-json\/wp\/v2\/pages\/12037","targetHints":{"allow":["GET"]}}],"collection":[{"href":"https:\/\/www.escolasdesoure.pt\/web\/wp-json\/wp\/v2\/pages"}],"about":[{"href":"https:\/\/www.escolasdesoure.pt\/web\/wp-json\/wp\/v2\/types\/page"}],"author":[{"embeddable":true,"href":"https:\/\/www.escolasdesoure.pt\/web\/wp-json\/wp\/v2\/users\/1"}],"replies":[{"embeddable":true,"href":"https:\/\/www.escolasdesoure.pt\/web\/wp-json\/wp\/v2\/comments?post=12037"}],"version-history":[{"count":8,"href":"https:\/\/www.escolasdesoure.pt\/web\/wp-json\/wp\/v2\/pages\/12037\/revisions"}],"predecessor-version":[{"id":15851,"href":"https:\/\/www.escolasdesoure.pt\/web\/wp-json\/wp\/v2\/pages\/12037\/revisions\/15851"}],"up":[{"embeddable":true,"href":"https:\/\/www.escolasdesoure.pt\/web\/wp-json\/wp\/v2\/pages\/11646"}],"wp:featuredmedia":[{"embeddable":true,"href":"https:\/\/www.escolasdesoure.pt\/web\/wp-json\/wp\/v2\/media\/12107"}],"wp:attachment":[{"href":"https:\/\/www.escolasdesoure.pt\/web\/wp-json\/wp\/v2\/media?parent=12037"}],"curies":[{"name":"wp","href":"https:\/\/api.w.org\/{rel}","templated":true}]}}