{"id":11918,"date":"2024-11-18T09:17:56","date_gmt":"2024-11-18T09:17:56","guid":{"rendered":"https:\/\/www.escolasdesoure.pt\/web\/?page_id=11918"},"modified":"2025-11-19T09:10:48","modified_gmt":"2025-11-19T09:10:48","slug":"relatorios","status":"publish","type":"page","link":"https:\/\/www.escolasdesoure.pt\/web\/documentos\/relatorios\/","title":{"rendered":"Relat\u00f3rios"},"content":{"rendered":"\n<h5 class=\"wp-block-heading\" id=\"2021-2022\"><strong>2024-2025<\/strong><\/h5>\n\n\n\n<figure class=\"wp-block-table is-style-stripes jstable\"><table><tbody><tr><td><a href=\"https:\/\/drive.google.com\/file\/d\/11UU17wmqA-dJVNftJ5rhdE41bWcf8BTM\/view?usp=drive_link\" target=\"_blank\" rel=\"noreferrer noopener\"><img decoding=\"async\" width=\"32\" height=\"32\" src=\"http:\/\/www.escolasdesoure.pt\/web\/wp-content\/uploads\/2016\/03\/pdf.png\" alt=\"pdf\"\/><\/a><\/td><td>Avalia\u00e7\u00e3o do ano letivo<\/td><\/tr><tr><td><a href=\"https:\/\/drive.google.com\/file\/d\/1NpLSIWwXjWf2SncKaXnU0dwCodowIZ4M\/view?usp=drive_link\" target=\"_blank\" rel=\"noreferrer noopener\"><img decoding=\"async\" width=\"32\" height=\"32\" src=\"http:\/\/www.escolasdesoure.pt\/web\/wp-content\/uploads\/2016\/03\/pdf.png\" alt=\"pdf\"\/><\/a><\/td><td>Avalia\u00e7\u00e3o do Plano de Forma\u00e7\u00e3o<\/td><\/tr><tr><td><a href=\"https:\/\/drive.google.com\/file\/d\/1Q3kBRsP0wYlkNs9_F8jmpL4UHg8q9r-5\/view?usp=drive_link\" target=\"_blank\" rel=\"noreferrer noopener\"><img decoding=\"async\" width=\"32\" height=\"32\" src=\"http:\/\/www.escolasdesoure.pt\/web\/wp-content\/uploads\/2016\/03\/pdf.png\" alt=\"pdf\"\/><\/a><\/td><td>Relat\u00f3rio Final do Plano de Forma\u00e7\u00e3o 2022-2025<\/td><\/tr><tr><td><a href=\"https:\/\/drive.google.com\/file\/d\/1tsvAp-gx-7dQRdpXNqUrQWjUEs9otClP\/view?usp=sharing\" target=\"_blank\" rel=\"noreferrer noopener\"><img decoding=\"async\" width=\"32\" height=\"32\" src=\"http:\/\/www.escolasdesoure.pt\/web\/wp-content\/uploads\/2016\/03\/pdf.png\" alt=\"pdf\"\/><\/a><\/td><td>PPR &#8211; Relat\u00f3rio de avalia\u00e7\u00e3o intercalar 2025<\/td><\/tr><\/tbody><\/table><\/figure>\n\n\n\n<h5 class=\"wp-block-heading\" id=\"2021-2022\"><strong>2023-2024<\/strong><\/h5>\n\n\n\n<figure class=\"wp-block-table is-style-stripes jstable\"><table><tbody><tr><td><a href=\"https:\/\/drive.google.com\/file\/d\/1T8iRVN4zCa3bdHKUJz80iDEoh2DCS831\/view?usp=sharing\" target=\"_blank\" rel=\"noreferrer noopener\"><img decoding=\"async\" width=\"32\" height=\"32\" src=\"http:\/\/www.escolasdesoure.pt\/web\/wp-content\/uploads\/2016\/03\/pdf.png\" alt=\"pdf\"\/><\/a><\/td><td>Avalia\u00e7\u00e3o do ano letivo<\/td><\/tr><tr><td><a href=\"https:\/\/drive.google.com\/file\/d\/1uxyF8kmJdU0D_vQAVEqoYiOB0d6nYDbn\/view?usp=drive_link\" target=\"_blank\" rel=\"noreferrer noopener\"><img decoding=\"async\" width=\"32\" height=\"32\" src=\"http:\/\/www.escolasdesoure.pt\/web\/wp-content\/uploads\/2016\/03\/pdf.png\" alt=\"pdf\"\/><\/a><\/td><td>Avalia\u00e7\u00e3o do Plano de Forma\u00e7\u00e3o<\/td><\/tr><tr><td><a href=\"https:\/\/drive.google.com\/file\/d\/1vGLe_jmkyd0LDOImh86ZsQyZt7JRY1kl\/view?usp=sharing\" target=\"_blank\" rel=\"noreferrer noopener\"><img decoding=\"async\" width=\"32\" height=\"32\" src=\"http:\/\/www.escolasdesoure.pt\/web\/wp-content\/uploads\/2016\/03\/pdf.png\" alt=\"pdf\"\/><\/a><\/td><td>Resultados escolares &#8211; 1.\u00ba Per\u00edodo<\/td><\/tr><tr><td><a href=\"https:\/\/drive.google.com\/file\/d\/1xmoc5rN1NotJaQtBolq9JFZt-q0bQauN\/view?usp=sharing\" target=\"_blank\" rel=\"noreferrer noopener\"><img decoding=\"async\" width=\"32\" height=\"32\" src=\"http:\/\/www.escolasdesoure.pt\/web\/wp-content\/uploads\/2016\/03\/pdf.png\" alt=\"pdf\"\/><\/a><\/td><td>Relat\u00f3rio Interm\u00e9dio Plano 23|24 Escola+ &#8211; 1.\u00ba per\u00edodo<\/td><\/tr><tr><td><a href=\"https:\/\/drive.google.com\/file\/d\/1h196QXtaU_4L__Xr47OoAjwAy2AmUCpm\/view?usp=drive_link\" target=\"_blank\" rel=\"noreferrer noopener\"><img decoding=\"async\" width=\"32\" height=\"32\" src=\"http:\/\/www.escolasdesoure.pt\/web\/wp-content\/uploads\/2016\/03\/pdf.png\" alt=\"pdf\"\/><\/a><\/td><td>Resultados escolares &#8211; 2.\u00ba Per\u00edodo<\/td><\/tr><tr><td><a href=\"https:\/\/drive.google.com\/file\/d\/1f8QX55kj17LGWI-3RTzLbKT6OY_VD0yX\/view?usp=sharing\" target=\"_blank\" rel=\"noreferrer noopener\"><img decoding=\"async\" width=\"32\" height=\"32\" src=\"http:\/\/www.escolasdesoure.pt\/web\/wp-content\/uploads\/2016\/03\/pdf.png\" alt=\"pdf\"\/><\/a><\/td><td>Relat\u00f3rio da Avalia\u00e7\u00e3o Externa<\/td><\/tr><\/tbody><\/table><\/figure>\n\n\n\n<h5 class=\"wp-block-heading\" id=\"2021-2022\"><strong>2022-2023<\/strong><\/h5>\n\n\n\n<figure class=\"wp-block-table is-style-stripes jstable\"><table><tbody><tr><td><a href=\"https:\/\/drive.google.com\/file\/d\/1kay4Yiq11op7Zx-r2des7SJQGq7GIwxM\/view?usp=drive_link\" target=\"_blank\" rel=\"noreferrer noopener\"><img decoding=\"async\" width=\"32\" height=\"32\" src=\"http:\/\/www.escolasdesoure.pt\/web\/wp-content\/uploads\/2016\/03\/pdf.png\" alt=\"pdf\"\/><\/a><\/td><td>Avalia\u00e7\u00e3o do ano letivo<\/td><\/tr><tr><td><a href=\"https:\/\/drive.google.com\/file\/d\/1Ad5Sr3wO2AJFObRGLOEEz9R4ZwSpLTFN\/view?usp=drive_link\" target=\"_blank\" rel=\"noreferrer noopener\"><img decoding=\"async\" width=\"32\" height=\"32\" src=\"http:\/\/www.escolasdesoure.pt\/web\/wp-content\/uploads\/2016\/03\/pdf.png\" alt=\"pdf\"\/><\/a><\/td><td>Avalia\u00e7\u00e3o do Plano de Forma\u00e7\u00e3o<\/td><\/tr><tr><td><a href=\"https:\/\/drive.google.com\/file\/d\/1UNGgzQPsqnS4MziW0w-n0xe6ZDdsmiS8\/view?usp=sharing\" target=\"_blank\" rel=\"noreferrer noopener\"><img decoding=\"async\" width=\"32\" height=\"32\" src=\"http:\/\/www.escolasdesoure.pt\/web\/wp-content\/uploads\/2016\/03\/pdf.png\" alt=\"pdf\"\/><\/a><\/td><td>Resultados escolares &#8211; 1.\u00ba Per\u00edodo<\/td><\/tr><tr><td><a href=\"https:\/\/drive.google.com\/file\/d\/11KyY23qJmawhbqlDm4Kc3k3ZbxhprEyC\/view?usp=sharing\" target=\"_blank\" rel=\"noreferrer noopener\"><img decoding=\"async\" width=\"32\" height=\"32\" src=\"http:\/\/www.escolasdesoure.pt\/web\/wp-content\/uploads\/2016\/03\/pdf.png\" alt=\"pdf\"\/><\/a><\/td><td>Resultados escolares &#8211; 2.\u00ba Per\u00edodo<\/td><\/tr><tr><td><a href=\"https:\/\/drive.google.com\/file\/d\/1oCxlV5WywHO_ZDG25Fl_3NLjbUN4nJGN\/view?usp=sharing\" target=\"_blank\" rel=\"noreferrer noopener\"><img decoding=\"async\" width=\"32\" height=\"32\" src=\"http:\/\/www.escolasdesoure.pt\/web\/wp-content\/uploads\/2016\/03\/pdf.png\" alt=\"pdf\"\/><\/a><\/td><td>Resultados escolares &#8211; 3.\u00ba Per\u00edodo<\/td><\/tr><\/tbody><\/table><\/figure>\n\n\n\n<h5 class=\"wp-block-heading\" id=\"2021-2022\"><strong>2021-2022<\/strong><\/h5>\n\n\n\n<figure class=\"wp-block-table jstable is-style-stripes\"><table><tbody><tr><td><a href=\"https:\/\/drive.google.com\/file\/d\/1uhTFYp_kOM_vE7DmrsRiNdBJJfizHYgF\/view?usp=sharing\" target=\"_blank\" rel=\"noreferrer noopener\"><img decoding=\"async\" width=\"32\" height=\"32\" src=\"http:\/\/www.escolasdesoure.pt\/web\/wp-content\/uploads\/2016\/03\/pdf.png\" alt=\"pdf\"\/><\/a><\/td><td>Avalia\u00e7\u00e3o do ano letivo<\/td><\/tr><tr><td><a href=\"https:\/\/drive.google.com\/file\/d\/1-yj4o7iDDfUWuGcBIC9YbkLKIDRdKJpO\/view?usp=sharing\" target=\"_blank\" rel=\"noreferrer noopener\"><img decoding=\"async\" width=\"32\" height=\"32\" src=\"http:\/\/www.escolasdesoure.pt\/web\/wp-content\/uploads\/2016\/03\/pdf.png\" alt=\"pdf\"\/><\/a><\/td><td>Resultados escolares &#8211; 1.\u00ba Per\u00edodo<\/td><\/tr><tr><td><a href=\"https:\/\/drive.google.com\/file\/d\/1LvqWNqjInCNRGIDZa8Zqg8BGTPZHvxtf\/view?usp=sharing\" target=\"_blank\" rel=\"noreferrer noopener\"><img decoding=\"async\" width=\"32\" height=\"32\" src=\"http:\/\/www.escolasdesoure.pt\/web\/wp-content\/uploads\/2016\/03\/pdf.png\" alt=\"pdf\"\/><\/a><\/td><td>Resultados escolares &#8211; 2.\u00ba Per\u00edodo<\/td><\/tr><tr><td><a rel=\"noreferrer noopener\" href=\"https:\/\/drive.google.com\/file\/d\/1wjaBGSKpKa6zD7VPyWPy3tR7n_n4cx4O\/view?usp=sharing\" target=\"_blank\"><img decoding=\"async\" width=\"32\" height=\"32\" src=\"http:\/\/www.escolasdesoure.pt\/web\/wp-content\/uploads\/2016\/03\/pdf.png\" alt=\"pdf\"\/><\/a><\/td><td>S\u00edntese da Atividade EFA 2014-2021<\/td><\/tr><\/tbody><\/table><\/figure>\n\n\n\n<h5 class=\"wp-block-heading\" id=\"2021-2022\"><strong>2020-2021<\/strong><\/h5>\n\n\n\n<figure class=\"wp-block-table is-style-stripes jstable\"><table><tbody><tr><td><a href=\"https:\/\/drive.google.com\/file\/d\/1szG1qPtEAIY4I0lM7r9on5eEVp6idrly\/view?usp=sharing\" target=\"_blank\" rel=\"noreferrer noopener\"><img decoding=\"async\" width=\"32\" height=\"32\" src=\"http:\/\/www.escolasdesoure.pt\/web\/wp-content\/uploads\/2016\/03\/pdf.png\" alt=\"pdf\"\/><\/a><\/td><td>Relat\u00f3rio de Autoavalia\u00e7\u00e3o 2020-2021<\/td><\/tr><tr><td><a href=\"https:\/\/drive.google.com\/file\/d\/1JB0rLImErA_Ih-B6E5yJDFkUjWgRRTmh\/view?usp=sharing\" target=\"_blank\" rel=\"noreferrer noopener\"><img decoding=\"async\" width=\"32\" height=\"32\" src=\"http:\/\/www.escolasdesoure.pt\/web\/wp-content\/uploads\/2016\/03\/pdf.png\" alt=\"pdf\"\/><\/a><\/td><td>Avalia\u00e7\u00e3o do ano letivo 2020-2021<\/td><\/tr><tr><td><a href=\"https:\/\/drive.google.com\/file\/d\/1Z6iSdn6xqVZ29o2dvRRC4FsHOTAWaU21\/view?usp=sharing\" target=\"_blank\" rel=\"noopener noreferrer\"><img decoding=\"async\" src=\"http:\/\/www.escolasdesoure.pt\/web\/wp-content\/uploads\/2016\/03\/pdf.png\" alt=\"pdf\" width=\"32\" height=\"32\"\/><\/a><\/td><td>S\u00edntese da Avalia\u00e7\u00e3o &#8211; 3.\u00ba per\u00edodo<\/td><\/tr><\/tbody><\/table><\/figure>\n\n\n\n<h5 class=\"wp-block-heading\" id=\"2021-2022\"><strong>2019-2020<\/strong><\/h5>\n\n\n\n<figure class=\"wp-block-table is-style-stripes jstable\"><table><tbody><tr><td><a href=\"https:\/\/drive.google.com\/file\/d\/1Z6iSdn6xqVZ29o2dvRRC4FsHOTAWaU21\/view?usp=sharing\" target=\"_blank\" rel=\"noopener noreferrer\"><img decoding=\"async\" src=\"http:\/\/www.escolasdesoure.pt\/web\/wp-content\/uploads\/2016\/03\/pdf.png\" alt=\"pdf\" width=\"32\" height=\"32\"\/><\/a><\/td><td>Avalia\u00e7\u00e3o do ano letivo 2019-2020<\/td><\/tr><\/tbody><\/table><\/figure>\n\n\n\n<h5 class=\"wp-block-heading\" id=\"2021-2022\"><strong>2018-2019<\/strong><\/h5>\n\n\n\n<figure class=\"wp-block-table is-style-stripes jstable\"><table><tbody><tr><td><a href=\"https:\/\/drive.google.com\/file\/d\/1sL4RUE4xDoPusJnTN9eGtTdTOL_rW7IL\/view?usp=sharing\" target=\"_blank\" rel=\"noopener noreferrer\"><img decoding=\"async\" src=\"http:\/\/www.escolasdesoure.pt\/web\/wp-content\/uploads\/2016\/03\/pdf.png\" alt=\"pdf\" width=\"32\" height=\"32\"\/><\/a><\/td><td>Infoescolas 2019<\/td><\/tr><tr><td><a href=\"https:\/\/drive.google.com\/file\/d\/1WCZMDyW58qi8UBnJnAUZyrVx18z1FEQX\/view?usp=sharing\" target=\"_blank\" rel=\"noopener noreferrer\"><img decoding=\"async\" src=\"http:\/\/www.escolasdesoure.pt\/web\/wp-content\/uploads\/2016\/03\/pdf.png\" alt=\"pdf\" width=\"32\" height=\"32\"\/><\/a><\/td><td>Relat\u00f3rio de Autoavalia\u00e7\u00e3o 2018-2019<\/td><\/tr><tr><td><a href=\"https:\/\/drive.google.com\/file\/d\/1guCsJTp1gJT98EBMuWgogOiyJ_kpST8h\/view?usp=sharing\" target=\"_blank\" rel=\"noopener noreferrer\"><img decoding=\"async\" src=\"http:\/\/www.escolasdesoure.pt\/web\/wp-content\/uploads\/2016\/03\/pdf.png\" alt=\"pdf\" width=\"32\" height=\"32\"\/><\/a><\/td><td>Relat\u00f3rio de Avalia\u00e7\u00e3o Interm\u00e9dia do Projeto Educativo 2019<\/td><\/tr><tr><td><a href=\"https:\/\/drive.google.com\/file\/d\/1cn75bjQQYpIJZkubg_N7xm5HYHzavhXG\/view?usp=sharing\" target=\"_blank\" rel=\"noopener noreferrer\"><img decoding=\"async\" class=\"alignnone\" src=\"http:\/\/www.escolasdesoure.pt\/web\/wp-content\/uploads\/2016\/03\/pdf.png\" alt=\"pdf\" width=\"32\" height=\"32\"\/><\/a><\/td><td>Avalia\u00e7\u00e3o da atividade do Agrupamento 2018-2019<\/td><\/tr><\/tbody><\/table><\/figure>\n\n\n\n<p><\/p>\n","protected":false},"excerpt":{"rendered":"<p>2024-2025 Avalia\u00e7\u00e3o do ano letivo Avalia\u00e7\u00e3o do Plano de Forma\u00e7\u00e3o Relat\u00f3rio Final do Plano de Forma\u00e7\u00e3o 2022-2025 PPR &#8211; Relat\u00f3rio de avalia\u00e7\u00e3o intercalar 2025 2023-2024<a href=\"https:\/\/www.escolasdesoure.pt\/web\/documentos\/relatorios\/\" class=\"more-link\"><span class=\"screen-reader-text\"> &#8220;Relat\u00f3rios&#8221;<\/span><\/a><\/p>\n","protected":false},"author":1,"featured_media":0,"parent":11646,"menu_order":6,"comment_status":"closed","ping_status":"closed","template":"","meta":{"footnotes":""},"class_list":["post-11918","page","type-page","status-publish","hentry"],"_links":{"self":[{"href":"https:\/\/www.escolasdesoure.pt\/web\/wp-json\/wp\/v2\/pages\/11918","targetHints":{"allow":["GET"]}}],"collection":[{"href":"https:\/\/www.escolasdesoure.pt\/web\/wp-json\/wp\/v2\/pages"}],"about":[{"href":"https:\/\/www.escolasdesoure.pt\/web\/wp-json\/wp\/v2\/types\/page"}],"author":[{"embeddable":true,"href":"https:\/\/www.escolasdesoure.pt\/web\/wp-json\/wp\/v2\/users\/1"}],"replies":[{"embeddable":true,"href":"https:\/\/www.escolasdesoure.pt\/web\/wp-json\/wp\/v2\/comments?post=11918"}],"version-history":[{"count":51,"href":"https:\/\/www.escolasdesoure.pt\/web\/wp-json\/wp\/v2\/pages\/11918\/revisions"}],"predecessor-version":[{"id":21549,"href":"https:\/\/www.escolasdesoure.pt\/web\/wp-json\/wp\/v2\/pages\/11918\/revisions\/21549"}],"up":[{"embeddable":true,"href":"https:\/\/www.escolasdesoure.pt\/web\/wp-json\/wp\/v2\/pages\/11646"}],"wp:attachment":[{"href":"https:\/\/www.escolasdesoure.pt\/web\/wp-json\/wp\/v2\/media?parent=11918"}],"curies":[{"name":"wp","href":"https:\/\/api.w.org\/{rel}","templated":true}]}}