{"id":11654,"date":"2018-09-15T14:05:24","date_gmt":"2018-09-15T13:05:24","guid":{"rendered":"https:\/\/www.escolasdesoure.pt\/web\/?page_id=11654"},"modified":"2022-08-12T08:28:16","modified_gmt":"2022-08-12T07:28:16","slug":"programas","status":"publish","type":"page","link":"https:\/\/www.escolasdesoure.pt\/web\/documentos\/programas\/","title":{"rendered":"Programas"},"content":{"rendered":"\n<figure class=\"wp-block-table is-style-stripes jstable\"><table><tbody><tr><td><a href=\"https:\/\/drive.google.com\/file\/d\/18zBaT7P1L1CGbec9fSqbvk7ONQYQNm1d\/view?usp=sharing\" target=\"_blank\" rel=\"noopener noreferrer\"><img decoding=\"async\" src=\"http:\/\/www.escolasdesoure.pt\/web\/wp-content\/uploads\/2016\/03\/pdf.png\" alt=\"pdf\" width=\"32\" height=\"32\"\/><\/a><\/td><td>Apoio ao Estudo \u2013 1.\u00ba ciclo<\/td><\/tr><tr><td><a href=\"https:\/\/drive.google.com\/file\/d\/18QQJdryD6dMzi02SLzPlzowuhnQHfq5E\/view?usp=sharing\" target=\"_blank\" rel=\"noopener noreferrer\"><img decoding=\"async\" src=\"http:\/\/www.escolasdesoure.pt\/web\/wp-content\/uploads\/2016\/03\/pdf.png\" alt=\"pdf\" width=\"32\" height=\"32\"\/><\/a><\/td><td>Apoio ao Estudo \u2013 2.\u00ba ciclo<\/td><\/tr><tr><td><a href=\"https:\/\/drive.google.com\/file\/d\/17KwuAKFcl-AeQNES3WE_c6jv_80nLXCg\/view?usp=sharing\" target=\"_blank\" rel=\"noopener noreferrer\"><img decoding=\"async\" src=\"http:\/\/www.escolasdesoure.pt\/web\/wp-content\/uploads\/2016\/03\/pdf.png\" alt=\"pdf\" width=\"32\" height=\"32\"\/><\/a><\/td><td>Complemento \u00e0 Educa\u00e7\u00e3o Art\u00edstica &#8211; 2.\u00ba e 3.\u00ba ciclos<\/td><\/tr><tr><td><a href=\"https:\/\/drive.google.com\/file\/d\/1KvR4VLRtISEpShw76qZLKLC8IVcJb2ce\/view?usp=sharing\" target=\"_blank\" rel=\"noopener noreferrer\"><img decoding=\"async\" src=\"http:\/\/www.escolasdesoure.pt\/web\/wp-content\/uploads\/2016\/03\/pdf.png\" alt=\"pdf\" width=\"32\" height=\"32\"\/><\/a><\/td><td>Programa de Mentoria<\/td><\/tr><tr><td><a href=\"https:\/\/drive.google.com\/file\/d\/1TNZ2_TsbtFt5QD6ebeqBDiiTKIfZ5jbH\/view?usp=sharing\" target=\"_blank\" rel=\"noopener noreferrer\"><img decoding=\"async\" class=\"alignnone\" src=\"http:\/\/www.escolasdesoure.pt\/web\/wp-content\/uploads\/2016\/03\/pdf.png\" alt=\"pdf\" width=\"32\" height=\"32\"\/><\/a><\/td><td>Oferta Complementar &#8211; 1.\u00ba ciclo<\/td><\/tr><tr><td><a href=\"https:\/\/drive.google.com\/file\/d\/1mt-5pYFIN1IgJr4_TH4lbxBU5RJbXJXV\/view?usp=sharing\" target=\"_blank\" rel=\"noopener noreferrer\"><img decoding=\"async\" src=\"http:\/\/www.escolasdesoure.pt\/web\/wp-content\/uploads\/2016\/03\/pdf.png\" alt=\"pdf\" width=\"32\" height=\"32\"\/><\/a><\/td><td>Oferta Complementar &#8211; 3.\u00ba ciclo<\/td><\/tr><\/tbody><\/table><\/figure>\n\n\n\n<p><\/p>\n","protected":false},"excerpt":{"rendered":"<p>Apoio ao Estudo \u2013 1.\u00ba ciclo Apoio ao Estudo \u2013 2.\u00ba ciclo Complemento \u00e0 Educa\u00e7\u00e3o Art\u00edstica &#8211; 2.\u00ba e 3.\u00ba ciclos Programa de Mentoria Oferta<a href=\"https:\/\/www.escolasdesoure.pt\/web\/documentos\/programas\/\" class=\"more-link\"><span class=\"screen-reader-text\"> &#8220;Programas&#8221;<\/span><\/a><\/p>\n","protected":false},"author":1,"featured_media":0,"parent":11646,"menu_order":5,"comment_status":"closed","ping_status":"closed","template":"","meta":{"footnotes":""},"class_list":["post-11654","page","type-page","status-publish","hentry"],"_links":{"self":[{"href":"https:\/\/www.escolasdesoure.pt\/web\/wp-json\/wp\/v2\/pages\/11654","targetHints":{"allow":["GET"]}}],"collection":[{"href":"https:\/\/www.escolasdesoure.pt\/web\/wp-json\/wp\/v2\/pages"}],"about":[{"href":"https:\/\/www.escolasdesoure.pt\/web\/wp-json\/wp\/v2\/types\/page"}],"author":[{"embeddable":true,"href":"https:\/\/www.escolasdesoure.pt\/web\/wp-json\/wp\/v2\/users\/1"}],"replies":[{"embeddable":true,"href":"https:\/\/www.escolasdesoure.pt\/web\/wp-json\/wp\/v2\/comments?post=11654"}],"version-history":[{"count":13,"href":"https:\/\/www.escolasdesoure.pt\/web\/wp-json\/wp\/v2\/pages\/11654\/revisions"}],"predecessor-version":[{"id":16738,"href":"https:\/\/www.escolasdesoure.pt\/web\/wp-json\/wp\/v2\/pages\/11654\/revisions\/16738"}],"up":[{"embeddable":true,"href":"https:\/\/www.escolasdesoure.pt\/web\/wp-json\/wp\/v2\/pages\/11646"}],"wp:attachment":[{"href":"https:\/\/www.escolasdesoure.pt\/web\/wp-json\/wp\/v2\/media?parent=11654"}],"curies":[{"name":"wp","href":"https:\/\/api.w.org\/{rel}","templated":true}]}}